{"id":13859,"date":"2021-01-08T21:13:15","date_gmt":"2021-01-08T20:13:15","guid":{"rendered":"https:\/\/poznanskamanufakturarolet.pl\/?page_id=13859"},"modified":"2021-06-03T20:26:44","modified_gmt":"2021-06-03T18:26:44","slug":"zaluzje-bambusowe","status":"publish","type":"page","link":"https:\/\/poznanskamanufakturarolet.pl\/index.php\/zaluzje-bambusowe\/","title":{"rendered":"\u017baluzje bambusowe"},"content":{"rendered":"\t\t<div data-elementor-type=\"wp-page\" data-elementor-id=\"13859\" class=\"elementor elementor-13859\">\n\t\t\t\t\t\t\t\t\t<section class=\"elementor-section elementor-top-section elementor-element elementor-element-7e856003 elementor-section-stretched elementor-section-boxed elementor-section-height-default elementor-section-height-default\" data-id=\"7e856003\" data-element_type=\"section\" data-settings=\"{&quot;stretch_section&quot;:&quot;section-stretched&quot;,&quot;shape_divider_top&quot;:&quot;tilt&quot;}\">\n\t\t\t\t\t<div class=\"elementor-shape elementor-shape-top\" data-negative=\"false\">\n\t\t\t<svg xmlns=\"http:\/\/www.w3.org\/2000\/svg\" viewBox=\"0 0 1000 100\" preserveAspectRatio=\"none\">\n\t<path class=\"elementor-shape-fill\" d=\"M0,6V0h1000v100L0,6z\"\/>\n<\/svg>\t\t<\/div>\n\t\t\t\t\t<div class=\"elementor-container elementor-column-gap-default\">\n\t\t\t\t\t<div class=\"elementor-column elementor-col-100 elementor-top-column elementor-element elementor-element-303f7734\" data-id=\"303f7734\" data-element_type=\"column\">\n\t\t\t<div class=\"elementor-widget-wrap elementor-element-populated\">\n\t\t\t\t\t\t\t\t<div class=\"elementor-element elementor-element-31f83b09 pix-scale-in-sm elementor-widget elementor-widget-pix-card-wide\" data-id=\"31f83b09\" data-element_type=\"widget\" data-widget_type=\"pix-card-wide.default\">\n\t\t\t\t<div class=\"elementor-widget-container\">\n\t\t\t<br \/>\n<b>Warning<\/b>:  Trying to access array offset on value of type bool in <b>\/home\/klient.dhosting.pl\/dsrolety\/poznanskamanufakturarolet.pl\/public_html\/wp-content\/plugins\/pixfort-core\/functions\/shortcodes\/card-wide.php<\/b> on line <b>160<\/b><br \/>\n<div class=\"card overflow-hidden row no-gutters flex-column flex-md-row flex-md-row-reverse    shadow-lg shadow-hover-lg fly-sm \" ><div class=\"flex-column col-md-6\"><img decoding=\"async\" class=\"card-img rounded-0 pix-fit-cover flex-grow-1 h-100\" src=\"https:\/\/poznanskamanufakturarolet.pl\/wp-content\/uploads\/2021\/01\/zaluzja-bambus.jpg\" alt=\"\u017baluzje bambusowe\" \/><\/div><div class=\"card-body d-flex align-content-between flex-wrap col-md-6 p-lg-5 p-md-5 p-4\"><div class=\"d-flex align-items-start\"><div><h2 style=\"color:;\" class=\"font-weight-bold text-custom mb-3\">\u017baluzje bambusowe<\/h2><\/div><\/div><div class=\"d-flex align-items-end\"><div><p class=\"text-body-default text-sm text-left mb-0\" >\u017baluzje bambusowe s\u0105 eleganckim i luksusowym elementem aran\u017cacji mieszkania. To w\u0142a\u015bnie one sprawiaj\u0105, \u017ce w domu zaczyna panowa\u0107 nastrojowy i niepowtarzalny klimat. Ka\u017cda z lameli (poziome listwy \u017caluzji) jest wyj\u0105tkowa. Nie da si\u0119 ich podrobi\u0107. Ka\u017cda b\u0119dzie mia\u0142a inne s\u0142oje, jedne dobrze widoczne inne mniej. \u017baluzja bambusowa jest chropowata, co dodaje jej unikatowo\u015bci, wystarczy przejecha\u0107 po niej palcem aby to dostrzec. To w\u0142a\u015bnie natura sprawia, \u017ce s\u0105 takie a nie inne. To tak jak drzewa, z pozoru s\u0105 do siebie podobne, ale nigdy nie znajdzie si\u0119 drugiego takiego samego. Ich lekko\u015b\u0107 to co\u015b, co dostrze\u017cesz podczas u\u017cytkowania. \u017baluzje bambusowe b\u0119d\u0105 posiada\u0107 odkszta\u0142cenia, r\u00f3\u017cni\u0107 si\u0119 kolorem. Ale takie w\u0142a\u015bnie maj\u0105 by\u0107. W innym wypadku mo\u017cna porzuci\u0107 naturalny wyb\u00f3r, i u\u017cy\u0107 \u017caluzji aluminiowych. Ale czy chcesz porzuci\u0107 naturalne pi\u0119kno na rzecz aluminium? Decyzj\u0119 pozostawiam Tobie.<\/p><\/div><\/div><\/div><\/div>\n\t\t<\/div>\n\t\t\t\t<\/div>\n\t\t\t\t<section class=\"elementor-section elementor-inner-section elementor-element elementor-element-ccaa936 elementor-section-boxed elementor-section-height-default elementor-section-height-default\" data-id=\"ccaa936\" data-element_type=\"section\">\n\t\t\t\t\t\t<div class=\"elementor-container elementor-column-gap-default\">\n\t\t\t\t\t<div class=\"elementor-column elementor-col-50 elementor-inner-column elementor-element elementor-element-972e5ec\" data-id=\"972e5ec\" data-element_type=\"column\">\n\t\t\t<div class=\"elementor-widget-wrap elementor-element-populated\">\n\t\t\t\t\t\t\t\t<div class=\"elementor-element elementor-element-145550d elementor-widget elementor-widget-pix-button\" data-id=\"145550d\" data-element_type=\"widget\" data-widget_type=\"pix-button.default\">\n\t\t\t\t<div class=\"elementor-widget-container\">\n\t\t\t<a href=\"callto:+48518146156\" class=\"btn m-0    btn-green d-block w-100  pix-hover-item       animate-in btn-md\"   data-anim-type=\"fade-in-left\" data-anim-delay=\"600\" ><i class=\"font-weight-bold pixicon-smartphone  pix-hover-left  mr-1\"><\/i> <span class=\"font-weight-bold \" >Zadzwo\u0144<\/span><\/a>\t\t<\/div>\n\t\t\t\t<\/div>\n\t\t\t\t\t<\/div>\n\t\t<\/div>\n\t\t\t\t<div class=\"elementor-column elementor-col-50 elementor-inner-column elementor-element elementor-element-4aab9a2\" data-id=\"4aab9a2\" data-element_type=\"column\">\n\t\t\t<div class=\"elementor-widget-wrap elementor-element-populated\">\n\t\t\t\t\t\t\t\t<div class=\"elementor-element elementor-element-18f69aa elementor-widget elementor-widget-pix-button\" data-id=\"18f69aa\" data-element_type=\"widget\" data-widget_type=\"pix-button.default\">\n\t\t\t\t<div class=\"elementor-widget-container\">\n\t\t\t<a href=\"https:\/\/poznanskamanufakturarolet.pl\/index.php\/kontakt\/\" class=\"btn m-0    btn-red d-block w-100  pix-hover-item       animate-in btn-md\"   data-anim-type=\"fade-in-left\" data-anim-delay=\"600\" ><i class=\"font-weight-bold pixicon-email-2  pix-hover-left  mr-1\"><\/i> <span class=\"font-weight-bold \" >Zapytaj o ofert\u0119<\/span><\/a>\t\t<\/div>\n\t\t\t\t<\/div>\n\t\t\t\t\t<\/div>\n\t\t<\/div>\n\t\t\t\t\t\t\t<\/div>\n\t\t<\/section>\n\t\t\t\t\t<\/div>\n\t\t<\/div>\n\t\t\t\t\t\t\t<\/div>\n\t\t<\/section>\n\t\t\t\t<section class=\"elementor-section elementor-top-section elementor-element elementor-element-296f28c elementor-section-boxed elementor-section-height-default elementor-section-height-default\" data-id=\"296f28c\" data-element_type=\"section\">\n\t\t\t\t\t\t<div class=\"elementor-container elementor-column-gap-default\">\n\t\t\t\t\t<div class=\"elementor-column elementor-col-100 elementor-top-column elementor-element elementor-element-a545e44\" data-id=\"a545e44\" data-element_type=\"column\">\n\t\t\t<div class=\"elementor-widget-wrap elementor-element-populated\">\n\t\t\t\t\t\t\t\t<div class=\"elementor-element elementor-element-7b78000 elementor-widget elementor-widget-accordion\" data-id=\"7b78000\" data-element_type=\"widget\" data-widget_type=\"accordion.default\">\n\t\t\t\t<div class=\"elementor-widget-container\">\n\t\t\t\t\t<div class=\"elementor-accordion\">\n\t\t\t\t\t\t\t<div class=\"elementor-accordion-item\">\n\t\t\t\t\t<div id=\"elementor-tab-title-1291\" class=\"elementor-tab-title\" data-tab=\"1\" role=\"button\" aria-controls=\"elementor-tab-content-1291\" aria-expanded=\"false\">\n\t\t\t\t\t\t\t\t\t\t\t\t\t<span class=\"elementor-accordion-icon elementor-accordion-icon-left\" aria-hidden=\"true\">\n\t\t\t\t\t\t\t\t\t\t\t\t\t\t\t<span class=\"elementor-accordion-icon-closed\"><i class=\"fas fa-plus\"><\/i><\/span>\n\t\t\t\t\t\t\t\t<span class=\"elementor-accordion-icon-opened\"><i class=\"fas fa-minus\"><\/i><\/span>\n\t\t\t\t\t\t\t\t\t\t\t\t\t\t<\/span>\n\t\t\t\t\t\t\t\t\t\t\t\t<a class=\"elementor-accordion-title\" tabindex=\"0\">\u017baluzje bambusowe \u2013 CECHY<\/a>\n\t\t\t\t\t<\/div>\n\t\t\t\t\t<div id=\"elementor-tab-content-1291\" class=\"elementor-tab-content elementor-clearfix\" data-tab=\"1\" role=\"region\" aria-labelledby=\"elementor-tab-title-1291\"><p>\u017baluzje bambusowe dost\u0119pne s\u0105 w lamelach o szeroko\u015bci 50mm oraz 65mm. Szeroko\u015b\u0107 lameli odpowiada za ilo\u015b\u0107 promieni s\u0142onecznych jakie maj\u0105 dostawa\u0107 si\u0119 do pomieszczenia.<\/p><p>Zamykaj\u0105c ca\u0142kowicie lamele, uzyskamy praktycznie ca\u0142kowite zaciemnienie, wi\u0119c nikt nie b\u0119dzie widzie\u0107 tego, czego nie powinien zobaczy\u0107. Skutecznie poradz\u0105 sobie tak\u017ce z nagrzewaniem pomieszcze\u0144, skupiaj\u0105c ciep\u0142o na sobie i nie pozwalaj\u0105c aby by\u0142o Tobie za gor\u0105co.<\/p><\/div>\n\t\t\t\t<\/div>\n\t\t\t\t\t\t\t<div class=\"elementor-accordion-item\">\n\t\t\t\t\t<div id=\"elementor-tab-title-1292\" class=\"elementor-tab-title\" data-tab=\"2\" role=\"button\" aria-controls=\"elementor-tab-content-1292\" aria-expanded=\"false\">\n\t\t\t\t\t\t\t\t\t\t\t\t\t<span class=\"elementor-accordion-icon elementor-accordion-icon-left\" aria-hidden=\"true\">\n\t\t\t\t\t\t\t\t\t\t\t\t\t\t\t<span class=\"elementor-accordion-icon-closed\"><i class=\"fas fa-plus\"><\/i><\/span>\n\t\t\t\t\t\t\t\t<span class=\"elementor-accordion-icon-opened\"><i class=\"fas fa-minus\"><\/i><\/span>\n\t\t\t\t\t\t\t\t\t\t\t\t\t\t<\/span>\n\t\t\t\t\t\t\t\t\t\t\t\t<a class=\"elementor-accordion-title\" tabindex=\"0\">\u017baluzja bambusowa \u2013 MONTA\u017b I WYMIARY<\/a>\n\t\t\t\t\t<\/div>\n\t\t\t\t\t<div id=\"elementor-tab-content-1292\" class=\"elementor-tab-content elementor-clearfix\" data-tab=\"2\" role=\"region\" aria-labelledby=\"elementor-tab-title-1292\"><p>\u017baluzja bambusowa montowana jest na \u015bcianie, suficie lub we wn\u0119ce okiennej.<\/p><p>Szeroko\u015b\u0107 maksymalna \u017caluzji bambusowej jak\u0105 mo\u017cemy wykona\u0107 to 240cm, a wysoko\u015b\u0107 300cm.<\/p><p>W przypadku wi\u0119kszych przeszkle\u0144 \u017caluzje montowane s\u0105 obok siebie, z szczelin\u0105 pomi\u0119dzy nimi wynosz\u0105c\u0105 oko\u0142o 1cm.<\/p><p>Nale\u017cy pami\u0119ta\u0107, \u017ce pakiet z\u0142o\u017conej \u017caluzji bambusowej to oko\u0142o 9% jej wysoko\u015bci + 7cm, wi\u0119c nale\u017cy si\u0119 upewni\u0107 czy nad oknem jest wystarczaj\u0105ca ilo\u015b\u0107 miejsca, aby bez problemu da\u0142o si\u0119 je otworzy\u0107. Jest to szczeg\u00f3lnie istotne podczas monta\u017cu we wn\u0119ce, gdy\u017c komfortowe otwieranie okna mo\u017ce sta\u0107 si\u0119 niemo\u017cliwe.<\/p><\/div>\n\t\t\t\t<\/div>\n\t\t\t\t\t\t\t<div class=\"elementor-accordion-item\">\n\t\t\t\t\t<div id=\"elementor-tab-title-1293\" class=\"elementor-tab-title\" data-tab=\"3\" role=\"button\" aria-controls=\"elementor-tab-content-1293\" aria-expanded=\"false\">\n\t\t\t\t\t\t\t\t\t\t\t\t\t<span class=\"elementor-accordion-icon elementor-accordion-icon-left\" aria-hidden=\"true\">\n\t\t\t\t\t\t\t\t\t\t\t\t\t\t\t<span class=\"elementor-accordion-icon-closed\"><i class=\"fas fa-plus\"><\/i><\/span>\n\t\t\t\t\t\t\t\t<span class=\"elementor-accordion-icon-opened\"><i class=\"fas fa-minus\"><\/i><\/span>\n\t\t\t\t\t\t\t\t\t\t\t\t\t\t<\/span>\n\t\t\t\t\t\t\t\t\t\t\t\t<a class=\"elementor-accordion-title\" tabindex=\"0\">\u017baluzja bambusowa \u2013 KOLORYSTYKA<\/a>\n\t\t\t\t\t<\/div>\n\t\t\t\t\t<div id=\"elementor-tab-content-1293\" class=\"elementor-tab-content elementor-clearfix\" data-tab=\"3\" role=\"region\" aria-labelledby=\"elementor-tab-title-1293\"><p>Kolorystyka \u017caluzji bambusowych jest taka, jaka powinna by\u0107. Nie znajdzie si\u0119 tutaj szalonych czerwieni, czy mocnych fiolet\u00f3w. Elegancka biel, delikatne szaro\u015bci, drewnopodobne kolory oraz czer\u0144 idealnie pasuj\u0105 na \u017caluzje bambusowe. I w tej kwestii nic nie b\u0119dziemy zmienia\u0107.<\/p><p>Standardowo \u017caluzja bambusowa wyposa\u017cona jest w drabink\u0119 sznurkow\u0105, jednak jest mo\u017cliwo\u015b\u0107 dodania dekoracyjnej ta\u015bmy drabinkowej.&nbsp;<span style=\"font-family: var( --e-global-typography-text-font-family ), Sans-serif; font-weight: var( --e-global-typography-text-font-weight ); font-size: 1rem; letter-spacing: -0.01rem;\">Jest to element wp\u0142ywaj\u0105cy jedynie (albo a\u017c) na ko\u0144cowy wygl\u0105d \u017caluzji.<\/span><\/p><p><span style=\"font-family: var( --e-global-typography-text-font-family ), Sans-serif; font-weight: var( --e-global-typography-text-font-weight ); font-size: 1rem; letter-spacing: -0.01rem;\">Drabinka ta\u015bmowa mo\u017ce mie\u0107 szeroko\u015b\u0107 25mm, lub 38mm. Zazwyczaj kolorystycznie zbli\u017cona jest do lamelek, ale mo\u017cna i zaszale\u0107 z ciekawymi kontrastami (ta\u015bmy w innym kolorze ni\u017c lamele mog\u0105 powodowa\u0107 przebarwienia na lamelach)<\/span><\/p><\/div>\n\t\t\t\t<\/div>\n\t\t\t\t\t\t\t<div class=\"elementor-accordion-item\">\n\t\t\t\t\t<div id=\"elementor-tab-title-1294\" class=\"elementor-tab-title\" data-tab=\"4\" role=\"button\" aria-controls=\"elementor-tab-content-1294\" aria-expanded=\"false\">\n\t\t\t\t\t\t\t\t\t\t\t\t\t<span class=\"elementor-accordion-icon elementor-accordion-icon-left\" aria-hidden=\"true\">\n\t\t\t\t\t\t\t\t\t\t\t\t\t\t\t<span class=\"elementor-accordion-icon-closed\"><i class=\"fas fa-plus\"><\/i><\/span>\n\t\t\t\t\t\t\t\t<span class=\"elementor-accordion-icon-opened\"><i class=\"fas fa-minus\"><\/i><\/span>\n\t\t\t\t\t\t\t\t\t\t\t\t\t\t<\/span>\n\t\t\t\t\t\t\t\t\t\t\t\t<a class=\"elementor-accordion-title\" tabindex=\"0\">Czyszczenie \u017caluzji bambusowych<\/a>\n\t\t\t\t\t<\/div>\n\t\t\t\t\t<div id=\"elementor-tab-content-1294\" class=\"elementor-tab-content elementor-clearfix\" data-tab=\"4\" role=\"region\" aria-labelledby=\"elementor-tab-title-1294\"><p>Czyszczenie \u017caluzji bambusowych nie jest uci\u0105\u017cliwe! G\u0142ownie polega to na \u015bcieraniu z nich na sucho kurzu. Wi\u0119cej na ten temat przeczytasz w zak\u0142adce o \u017caluzjach drewnianych<span style=\"color: #339966;\"> <a style=\"color: #339966;\" href=\"https:\/\/poznanskamanufakturarolet.pl\/index.php\/zaluzje-drewniane-2\/\">klikaj\u0105c tutaj<\/a><\/span><\/p><\/div>\n\t\t\t\t<\/div>\n\t\t\t\t\t\t\t<div class=\"elementor-accordion-item\">\n\t\t\t\t\t<div id=\"elementor-tab-title-1295\" class=\"elementor-tab-title\" data-tab=\"5\" role=\"button\" aria-controls=\"elementor-tab-content-1295\" aria-expanded=\"false\">\n\t\t\t\t\t\t\t\t\t\t\t\t\t<span class=\"elementor-accordion-icon elementor-accordion-icon-left\" aria-hidden=\"true\">\n\t\t\t\t\t\t\t\t\t\t\t\t\t\t\t<span class=\"elementor-accordion-icon-closed\"><i class=\"fas fa-plus\"><\/i><\/span>\n\t\t\t\t\t\t\t\t<span class=\"elementor-accordion-icon-opened\"><i class=\"fas fa-minus\"><\/i><\/span>\n\t\t\t\t\t\t\t\t\t\t\t\t\t\t<\/span>\n\t\t\t\t\t\t\t\t\t\t\t\t<a class=\"elementor-accordion-title\" tabindex=\"0\">\u017baluzje bambusowe w kuchni, \u0142azience<\/a>\n\t\t\t\t\t<\/div>\n\t\t\t\t\t<div id=\"elementor-tab-content-1295\" class=\"elementor-tab-content elementor-clearfix\" data-tab=\"5\" role=\"region\" aria-labelledby=\"elementor-tab-title-1295\"><p>Wiemy ju\u017c, \u017ce \u017caluzje bambusowe s\u0105 produktem niezwyk\u0142ym. \u0141azienka i kuchnia natomiast s\u0105 wyj\u0105tkowymi pomieszczeniami ka\u017cdego domu, z wiadomych wzgl\u0119d\u00f3w. Podobie\u0144stwo wida\u0107 jak na d\u0142oni, dlatego te\u017c \u017caluzje bambusowe idealnie tam si\u0119 sprawdz\u0105. Tu nie chodzi o sam\u0105 estetyk\u0119.&nbsp;<\/p><p>Bambus jest o wiele bardziej odporny na wilgo\u0107 ni\u017c \u017caluzje drewniane, przez co b\u0119dzie mniej si\u0119 odkszta\u0142ca\u0107 b\u0119d\u0105c wystawionym na tak\u0105 pr\u00f3b\u0119. Nie znaczy to, \u017ce si\u0119 nie odkszta\u0142ci. W dalszym ci\u0105gu mamy do czynienia z produktem ca\u0142kowicie naturalnym, lecz na pewno b\u0119dzie to w mniejszym stopniu ni\u017c w przypadku klasycznych \u017caluzji drewnianych<\/p><\/div>\n\t\t\t\t<\/div>\n\t\t\t\t\t\t\t\t<\/div>\n\t\t\t\t<\/div>\n\t\t\t\t<\/div>\n\t\t\t\t\t<\/div>\n\t\t<\/div>\n\t\t\t\t\t\t\t<\/div>\n\t\t<\/section>\n\t\t\t\t<section class=\"elementor-section elementor-top-section elementor-element elementor-element-8d0ba62 elementor-section-boxed elementor-section-height-default elementor-section-height-default\" data-id=\"8d0ba62\" data-element_type=\"section\">\n\t\t\t\t\t\t<div class=\"elementor-container elementor-column-gap-default\">\n\t\t\t\t\t<div class=\"elementor-column elementor-col-100 elementor-top-column elementor-element elementor-element-4596459\" data-id=\"4596459\" data-element_type=\"column\">\n\t\t\t<div class=\"elementor-widget-wrap elementor-element-populated\">\n\t\t\t\t\t\t\t\t<div class=\"elementor-element elementor-element-1e7a0e8 elementor-widget elementor-widget-spacer\" data-id=\"1e7a0e8\" data-element_type=\"widget\" data-widget_type=\"spacer.default\">\n\t\t\t\t<div class=\"elementor-widget-container\">\n\t\t\t\t\t<div class=\"elementor-spacer\">\n\t\t\t<div class=\"elementor-spacer-inner\"><\/div>\n\t\t<\/div>\n\t\t\t\t<\/div>\n\t\t\t\t<\/div>\n\t\t\t\t\t<\/div>\n\t\t<\/div>\n\t\t\t\t\t\t\t<\/div>\n\t\t<\/section>\n\t\t\t\t<section class=\"elementor-section elementor-top-section elementor-element elementor-element-d16d9d9 elementor-section-boxed elementor-section-height-default elementor-section-height-default\" data-id=\"d16d9d9\" data-element_type=\"section\">\n\t\t\t\t\t\t<div class=\"elementor-container elementor-column-gap-default\">\n\t\t\t\t\t<div class=\"elementor-column elementor-col-100 elementor-top-column elementor-element elementor-element-78f0e7b\" data-id=\"78f0e7b\" data-element_type=\"column\">\n\t\t\t<div class=\"elementor-widget-wrap elementor-element-populated\">\n\t\t\t\t\t\t\t\t<div class=\"elementor-element elementor-element-9b1c3e6 elementor-widget elementor-widget-spacer\" data-id=\"9b1c3e6\" data-element_type=\"widget\" data-widget_type=\"spacer.default\">\n\t\t\t\t<div class=\"elementor-widget-container\">\n\t\t\t\t\t<div class=\"elementor-spacer\">\n\t\t\t<div class=\"elementor-spacer-inner\"><\/div>\n\t\t<\/div>\n\t\t\t\t<\/div>\n\t\t\t\t<\/div>\n\t\t\t\t\t<\/div>\n\t\t<\/div>\n\t\t\t\t\t\t\t<\/div>\n\t\t<\/section>\n\t\t\t\t\t\t\t<\/div>\n\t\t","protected":false},"excerpt":{"rendered":"<p>\u017baluzje bambusowe \u017baluzje bambusowe s\u0105 eleganckim i luksusowym elementem aran\u017cacji mieszkania. To w\u0142a\u015bnie one sprawiaj\u0105, \u017ce w domu zaczyna panowa\u0107 nastrojowy i niepowtarzalny klimat. Ka\u017cda z lameli (poziome listwy \u017caluzji) jest wyj\u0105tkowa. Nie da si\u0119 ich podrobi\u0107. Ka\u017cda b\u0119dzie mia\u0142a&#8230;<\/p>\n","protected":false},"author":3,"featured_media":0,"parent":0,"menu_order":0,"comment_status":"closed","ping_status":"closed","template":"","meta":{"footnotes":""},"_links":{"self":[{"href":"https:\/\/poznanskamanufakturarolet.pl\/index.php\/wp-json\/wp\/v2\/pages\/13859"}],"collection":[{"href":"https:\/\/poznanskamanufakturarolet.pl\/index.php\/wp-json\/wp\/v2\/pages"}],"about":[{"href":"https:\/\/poznanskamanufakturarolet.pl\/index.php\/wp-json\/wp\/v2\/types\/page"}],"author":[{"embeddable":true,"href":"https:\/\/poznanskamanufakturarolet.pl\/index.php\/wp-json\/wp\/v2\/users\/3"}],"replies":[{"embeddable":true,"href":"https:\/\/poznanskamanufakturarolet.pl\/index.php\/wp-json\/wp\/v2\/comments?post=13859"}],"version-history":[{"count":43,"href":"https:\/\/poznanskamanufakturarolet.pl\/index.php\/wp-json\/wp\/v2\/pages\/13859\/revisions"}],"predecessor-version":[{"id":14191,"href":"https:\/\/poznanskamanufakturarolet.pl\/index.php\/wp-json\/wp\/v2\/pages\/13859\/revisions\/14191"}],"wp:attachment":[{"href":"https:\/\/poznanskamanufakturarolet.pl\/index.php\/wp-json\/wp\/v2\/media?parent=13859"}],"curies":[{"name":"wp","href":"https:\/\/api.w.org\/{rel}","templated":true}]}}