{"id":13857,"date":"2021-01-08T21:12:11","date_gmt":"2021-01-08T20:12:11","guid":{"rendered":"https:\/\/poznanskamanufakturarolet.pl\/?page_id=13857"},"modified":"2021-06-03T20:26:57","modified_gmt":"2021-06-03T18:26:57","slug":"zaluzje-drewniane-2","status":"publish","type":"page","link":"https:\/\/poznanskamanufakturarolet.pl\/index.php\/zaluzje-drewniane-2\/","title":{"rendered":"\u017baluzje drewniane"},"content":{"rendered":"\t\t<div data-elementor-type=\"wp-page\" data-elementor-id=\"13857\" class=\"elementor elementor-13857\">\n\t\t\t\t\t\t\t\t\t<section class=\"elementor-section elementor-top-section elementor-element elementor-element-5f03572 elementor-section-stretched elementor-section-boxed elementor-section-height-default elementor-section-height-default\" data-id=\"5f03572\" data-element_type=\"section\" data-settings=\"{&quot;stretch_section&quot;:&quot;section-stretched&quot;,&quot;shape_divider_top&quot;:&quot;tilt&quot;}\">\n\t\t\t\t\t<div class=\"elementor-shape elementor-shape-top\" data-negative=\"false\">\n\t\t\t<svg xmlns=\"http:\/\/www.w3.org\/2000\/svg\" viewBox=\"0 0 1000 100\" preserveAspectRatio=\"none\">\n\t<path class=\"elementor-shape-fill\" d=\"M0,6V0h1000v100L0,6z\"\/>\n<\/svg>\t\t<\/div>\n\t\t\t\t\t<div class=\"elementor-container elementor-column-gap-default\">\n\t\t\t\t\t<div class=\"elementor-column elementor-col-100 elementor-top-column elementor-element elementor-element-3d56507\" data-id=\"3d56507\" data-element_type=\"column\">\n\t\t\t<div class=\"elementor-widget-wrap elementor-element-populated\">\n\t\t\t\t\t\t\t\t<div class=\"elementor-element elementor-element-41f0ba4 pix-scale-in-sm elementor-widget elementor-widget-pix-card-wide\" data-id=\"41f0ba4\" data-element_type=\"widget\" data-widget_type=\"pix-card-wide.default\">\n\t\t\t\t<div class=\"elementor-widget-container\">\n\t\t\t<br \/>\n<b>Warning<\/b>:  Trying to access array offset on value of type bool in <b>\/home\/klient.dhosting.pl\/dsrolety\/poznanskamanufakturarolet.pl\/public_html\/wp-content\/plugins\/pixfort-core\/functions\/shortcodes\/card-wide.php<\/b> on line <b>160<\/b><br \/>\n<div class=\"card overflow-hidden row no-gutters flex-column flex-md-row flex-md-row-reverse    shadow-lg shadow-hover-lg fly-sm \" ><div class=\"flex-column col-md-6\"><img decoding=\"async\" class=\"card-img rounded-0 pix-fit-cover flex-grow-1 h-100\" src=\"https:\/\/poznanskamanufakturarolet.pl\/wp-content\/uploads\/2021\/01\/zaluzja-002.jpg\" alt=\"\u017baluzje drewniane\" \/><\/div><div class=\"card-body d-flex align-content-between flex-wrap col-md-6 p-lg-5 p-md-5 p-4\"><div class=\"d-flex align-items-start\"><div><h2 style=\"color:;\" class=\"font-weight-bold text-custom mb-3\">\u017baluzje drewniane<\/h2><\/div><\/div><div class=\"d-flex align-items-end\"><div><p class=\"text-body-default text-sm text-left mb-0\" >\u017baluzje drewniane s\u0105 eleganckim rozwi\u0105zaniem wprawiaj\u0105cym w zachwyt nawet najbardziej wymagaj\u0105cych klient\u00f3w. Wprowadzaj\u0105 do pomieszczenia niezwykle nastrojowy klimat.\u00a0 Swoj\u0105 wyj\u0105tkowo\u015b\u0107 zawdzi\u0119czaj\u0105 temu co jest nam wszystkim najbli\u017csze, naturze. Nasze \u017caluzje drewniane wykonane s\u0105 ze specjalnego gatunku drewna jakim jest basswood, czyli drewna lipowego wyst\u0119puj\u0105cego na terenach Ameryki P\u00f3\u0142nocnej. Charakteryzuje si\u0119 ono wysok\u0105 odporno\u015bci\u0105 na wilgo\u0107 oraz zmiany temperatury. Naturalne s\u0142oje oraz odkszta\u0142cenia nie s\u0105 wadami! Dowodz\u0105 one tego, \u017ce mamy do czynienia z najwy\u017cszej jako\u015bci produktem naturalnego pochodzenia.<\/p><\/div><\/div><\/div><\/div>\n\t\t<\/div>\n\t\t\t\t<\/div>\n\t\t\t\t<section class=\"elementor-section elementor-inner-section elementor-element elementor-element-ea40472 elementor-section-boxed elementor-section-height-default elementor-section-height-default\" data-id=\"ea40472\" data-element_type=\"section\">\n\t\t\t\t\t\t<div class=\"elementor-container elementor-column-gap-default\">\n\t\t\t\t\t<div class=\"elementor-column elementor-col-50 elementor-inner-column elementor-element elementor-element-27fd5d1\" data-id=\"27fd5d1\" data-element_type=\"column\">\n\t\t\t<div class=\"elementor-widget-wrap elementor-element-populated\">\n\t\t\t\t\t\t\t\t<div class=\"elementor-element elementor-element-48ad090 elementor-widget elementor-widget-pix-button\" data-id=\"48ad090\" data-element_type=\"widget\" data-widget_type=\"pix-button.default\">\n\t\t\t\t<div class=\"elementor-widget-container\">\n\t\t\t<a href=\"callto:+48518146156\" class=\"btn m-0    btn-green d-block w-100  pix-hover-item       animate-in btn-md\"   data-anim-type=\"fade-in-left\" data-anim-delay=\"600\" ><i class=\"font-weight-bold pixicon-smartphone  pix-hover-left  mr-1\"><\/i> <span class=\"font-weight-bold \" >Zadzwo\u0144<\/span><\/a>\t\t<\/div>\n\t\t\t\t<\/div>\n\t\t\t\t\t<\/div>\n\t\t<\/div>\n\t\t\t\t<div class=\"elementor-column elementor-col-50 elementor-inner-column elementor-element elementor-element-03e728d\" data-id=\"03e728d\" data-element_type=\"column\">\n\t\t\t<div class=\"elementor-widget-wrap elementor-element-populated\">\n\t\t\t\t\t\t\t\t<div class=\"elementor-element elementor-element-67cb825 elementor-widget elementor-widget-pix-button\" data-id=\"67cb825\" data-element_type=\"widget\" data-widget_type=\"pix-button.default\">\n\t\t\t\t<div class=\"elementor-widget-container\">\n\t\t\t<a href=\"https:\/\/poznanskamanufakturarolet.pl\/index.php\/kontakt\/\" class=\"btn m-0    btn-red d-block w-100  pix-hover-item       animate-in btn-md\"   data-anim-type=\"fade-in-left\" data-anim-delay=\"600\" ><i class=\"font-weight-bold pixicon-email-2  pix-hover-left  mr-1\"><\/i> <span class=\"font-weight-bold \" >Zapytaj o ofert\u0119<\/span><\/a>\t\t<\/div>\n\t\t\t\t<\/div>\n\t\t\t\t\t<\/div>\n\t\t<\/div>\n\t\t\t\t\t\t\t<\/div>\n\t\t<\/section>\n\t\t\t\t\t<\/div>\n\t\t<\/div>\n\t\t\t\t\t\t\t<\/div>\n\t\t<\/section>\n\t\t\t\t<section class=\"elementor-section elementor-top-section elementor-element elementor-element-392c938 elementor-section-boxed elementor-section-height-default elementor-section-height-default\" data-id=\"392c938\" data-element_type=\"section\">\n\t\t\t\t\t\t<div class=\"elementor-container elementor-column-gap-default\">\n\t\t\t\t\t<div class=\"elementor-column elementor-col-100 elementor-top-column elementor-element elementor-element-c28b2b2\" data-id=\"c28b2b2\" data-element_type=\"column\">\n\t\t\t<div class=\"elementor-widget-wrap elementor-element-populated\">\n\t\t\t\t\t\t\t\t<div class=\"elementor-element elementor-element-e692514 elementor-widget elementor-widget-accordion\" data-id=\"e692514\" data-element_type=\"widget\" data-widget_type=\"accordion.default\">\n\t\t\t\t<div class=\"elementor-widget-container\">\n\t\t\t\t\t<div class=\"elementor-accordion\">\n\t\t\t\t\t\t\t<div class=\"elementor-accordion-item\">\n\t\t\t\t\t<div id=\"elementor-tab-title-2411\" class=\"elementor-tab-title\" data-tab=\"1\" role=\"button\" aria-controls=\"elementor-tab-content-2411\" aria-expanded=\"false\">\n\t\t\t\t\t\t\t\t\t\t\t\t\t<span class=\"elementor-accordion-icon elementor-accordion-icon-left\" aria-hidden=\"true\">\n\t\t\t\t\t\t\t\t\t\t\t\t\t\t\t<span class=\"elementor-accordion-icon-closed\"><i class=\"fas fa-plus\"><\/i><\/span>\n\t\t\t\t\t\t\t\t<span class=\"elementor-accordion-icon-opened\"><i class=\"fas fa-minus\"><\/i><\/span>\n\t\t\t\t\t\t\t\t\t\t\t\t\t\t<\/span>\n\t\t\t\t\t\t\t\t\t\t\t\t<a class=\"elementor-accordion-title\" tabindex=\"0\">\u017baluzja drewniana \u2013 CECHY<\/a>\n\t\t\t\t\t<\/div>\n\t\t\t\t\t<div id=\"elementor-tab-content-2411\" class=\"elementor-tab-content elementor-clearfix\" data-tab=\"1\" role=\"region\" aria-labelledby=\"elementor-tab-title-2411\"><p>\u017baluzje drewniane dost\u0119pne s\u0105 w lamelach (poziome listwy \u017caluzji) o szeroko\u015bci 25mm, 50mm oraz 65mm. Im szersza jest lamela, tym wi\u0119cej \u015bwiat\u0142a dotrze do pomieszczenia.<\/p><p>\u017baluzje drewniane to produkt ponadczasowy, kt\u00f3ry sprawdzi si\u0119 w niemal ka\u017cdym wn\u0119trzu. Wyj\u0105tkowo\u015b\u0107 \u017caluzji drewnianych to nie tylko ich zachwycaj\u0105cy efekt wizualny.<\/p><p>Dzi\u0119ki zastosowanym lamelom to my decydujemy ile \u015bwiat\u0142a ma by\u0107 w domu. Zamykaj\u0105c ca\u0142kowicie lamele, nie do\u015b\u0107, \u017ce uzyskamy pe\u0142ne zaciemnienie pomieszczenia, to tak\u017ce b\u0119dzie si\u0119 mniej nagrzewa\u0107! \u015awietne rozwi\u0105zanie na upalne dni.&nbsp;<\/p><p>Ca\u0142kowite zaciemnienie pomieszczenia doceni\u0105 wszyscy Ci, kt\u00f3rzy ceni\u0105 sobie prywatno\u015b\u0107, a tak\u017ce intymno\u015b\u0107 jak\u0105 mo\u017cna uzyska\u0107 dzi\u0119ki \u017caluzji drewnianej w sypialni.<\/p><\/div>\n\t\t\t\t<\/div>\n\t\t\t\t\t\t\t<div class=\"elementor-accordion-item\">\n\t\t\t\t\t<div id=\"elementor-tab-title-2412\" class=\"elementor-tab-title\" data-tab=\"2\" role=\"button\" aria-controls=\"elementor-tab-content-2412\" aria-expanded=\"false\">\n\t\t\t\t\t\t\t\t\t\t\t\t\t<span class=\"elementor-accordion-icon elementor-accordion-icon-left\" aria-hidden=\"true\">\n\t\t\t\t\t\t\t\t\t\t\t\t\t\t\t<span class=\"elementor-accordion-icon-closed\"><i class=\"fas fa-plus\"><\/i><\/span>\n\t\t\t\t\t\t\t\t<span class=\"elementor-accordion-icon-opened\"><i class=\"fas fa-minus\"><\/i><\/span>\n\t\t\t\t\t\t\t\t\t\t\t\t\t\t<\/span>\n\t\t\t\t\t\t\t\t\t\t\t\t<a class=\"elementor-accordion-title\" tabindex=\"0\">\u017baluzja drewniana \u2013 MONTA\u017b I WYMIARY<\/a>\n\t\t\t\t\t<\/div>\n\t\t\t\t\t<div id=\"elementor-tab-content-2412\" class=\"elementor-tab-content elementor-clearfix\" data-tab=\"2\" role=\"region\" aria-labelledby=\"elementor-tab-title-2412\"><p>\u017baluzja drewniana najcz\u0119\u015bciej montowana jest na \u015bcianie b\u0105d\u017a suficie, zas\u0142aniaj\u0105c ca\u0142a wn\u0119k\u0119 okienn\u0105.<\/p><p>&nbsp;Szeroko\u015b\u0107 maksymalna na jak\u0105 mo\u017cemy wykona\u0107 \u017caluzje drewnian\u0105 to 270cm, a wysoko\u015b\u0107 300cm. Warto przy tym zaznaczy\u0107, \u017ce nie zaleca si\u0119 wykonywania \u017caluzji drewnianych o powierzchni wi\u0119kszej ni\u017c 5m2.<\/p><p><span style=\"font-family: var( --e-global-typography-text-font-family ), Sans-serif; font-weight: var( --e-global-typography-text-font-weight ); font-size: 1rem; letter-spacing: -0.01rem;\">W przypadku wi\u0119kszych przeszkle\u0144 \u017caluzje montowane s\u0105 obok siebie, z szczelin\u0105 pomi\u0119dzy nimi wynosz\u0105c\u0105 1cm.<\/span><\/p><p>Nale\u017cy pami\u0119ta\u0107, \u017ce pakiet z\u0142o\u017conej \u017caluzji drewnianej to oko\u0142o 10% jej wysoko\u015bci + 7cm, wi\u0119c nale\u017cy si\u0119 upewni\u0107 czy nad oknem jest wystarczaj\u0105ca ilo\u015b\u0107 miejsca, aby bez problemu da\u0142o si\u0119 je otworzy\u0107.<\/p><\/div>\n\t\t\t\t<\/div>\n\t\t\t\t\t\t\t<div class=\"elementor-accordion-item\">\n\t\t\t\t\t<div id=\"elementor-tab-title-2413\" class=\"elementor-tab-title\" data-tab=\"3\" role=\"button\" aria-controls=\"elementor-tab-content-2413\" aria-expanded=\"false\">\n\t\t\t\t\t\t\t\t\t\t\t\t\t<span class=\"elementor-accordion-icon elementor-accordion-icon-left\" aria-hidden=\"true\">\n\t\t\t\t\t\t\t\t\t\t\t\t\t\t\t<span class=\"elementor-accordion-icon-closed\"><i class=\"fas fa-plus\"><\/i><\/span>\n\t\t\t\t\t\t\t\t<span class=\"elementor-accordion-icon-opened\"><i class=\"fas fa-minus\"><\/i><\/span>\n\t\t\t\t\t\t\t\t\t\t\t\t\t\t<\/span>\n\t\t\t\t\t\t\t\t\t\t\t\t<a class=\"elementor-accordion-title\" tabindex=\"0\">\u017baluzja drewniana \u2013 KOLORYSTYKA<\/a>\n\t\t\t\t\t<\/div>\n\t\t\t\t\t<div id=\"elementor-tab-content-2413\" class=\"elementor-tab-content elementor-clearfix\" data-tab=\"3\" role=\"region\" aria-labelledby=\"elementor-tab-title-2413\"><p>Bogata kolorystyka \u017caluzji drewnianych sprawia, \u017ce mo\u017cna dobra\u0107 je do ka\u017cdego stylu wyka\u0144czania wn\u0119trz. Zaczynaj\u0105c na \u017caluzji drewnianej bia\u0142ej, id\u0105c przez szaro\u015bci, naturalne kolory drewna a\u017c do czarnego. \u017baluzja drewniana najcz\u0119\u015bciej stosowana jest z drabink\u0105 sznurkow\u0105.&nbsp;<\/p><p>Dodatkowo mo\u017ce by\u0107 wyposa\u017cona w drabink\u0119 ta\u015bmow\u0105 stanowi\u0105c\u0105 dodatkowy element dekoracyjny. Drabinka ta\u015bmowa standardowo jest w kolorze zbli\u017conym do lameli, ale \u0142amacze schemat\u00f3w uciesz\u0105 si\u0119 z zabawy kontrastami, gdy\u017c jej kolor mo\u017ce by\u0107 dowolny. Szeroko\u015b\u0107 takiej drabinki to 25mm lub 38mm<\/p><\/div>\n\t\t\t\t<\/div>\n\t\t\t\t\t\t\t<div class=\"elementor-accordion-item\">\n\t\t\t\t\t<div id=\"elementor-tab-title-2414\" class=\"elementor-tab-title\" data-tab=\"4\" role=\"button\" aria-controls=\"elementor-tab-content-2414\" aria-expanded=\"false\">\n\t\t\t\t\t\t\t\t\t\t\t\t\t<span class=\"elementor-accordion-icon elementor-accordion-icon-left\" aria-hidden=\"true\">\n\t\t\t\t\t\t\t\t\t\t\t\t\t\t\t<span class=\"elementor-accordion-icon-closed\"><i class=\"fas fa-plus\"><\/i><\/span>\n\t\t\t\t\t\t\t\t<span class=\"elementor-accordion-icon-opened\"><i class=\"fas fa-minus\"><\/i><\/span>\n\t\t\t\t\t\t\t\t\t\t\t\t\t\t<\/span>\n\t\t\t\t\t\t\t\t\t\t\t\t<a class=\"elementor-accordion-title\" tabindex=\"0\">Czyszczenie \u017caluzji drewnianych<\/a>\n\t\t\t\t\t<\/div>\n\t\t\t\t\t<div id=\"elementor-tab-content-2414\" class=\"elementor-tab-content elementor-clearfix\" data-tab=\"4\" role=\"region\" aria-labelledby=\"elementor-tab-title-2414\"><p>Drewno jest produktem naturalnym, dlatego nale\u017cy odpowiednio o niego dba\u0107 aby cieszy\u0142 przez lata swoj\u0105 niepowtarzalno\u015bci\u0105. Nie ma si\u0119 czego obawia\u0107, jest to niezwykle proste, ale nale\u017cy wykonywa\u0107 to regularnie.<\/p><p>&nbsp;Podobnie jak w wysokogatunkowych meblach, wystarczy jedynie zetrze\u0107 z nich kurz. Najlepiej robi\u0107 to na sucho, u\u017cywaj\u0105c specjalnej miote\u0142ki lub bardzo delikatnej \u015bcierki, a nawet odkurzacza.&nbsp;<\/p><p>\u017baluzji nie nale\u017cy moczy\u0107 ani u\u017cywa\u0107 mocnych detergent\u00f3w, ostrych szczotek czy g\u0105bek. Widzisz jakie to proste? Na pewno dasz rad\u0119.<\/p><\/div>\n\t\t\t\t<\/div>\n\t\t\t\t\t\t\t<div class=\"elementor-accordion-item\">\n\t\t\t\t\t<div id=\"elementor-tab-title-2415\" class=\"elementor-tab-title\" data-tab=\"5\" role=\"button\" aria-controls=\"elementor-tab-content-2415\" aria-expanded=\"false\">\n\t\t\t\t\t\t\t\t\t\t\t\t\t<span class=\"elementor-accordion-icon elementor-accordion-icon-left\" aria-hidden=\"true\">\n\t\t\t\t\t\t\t\t\t\t\t\t\t\t\t<span class=\"elementor-accordion-icon-closed\"><i class=\"fas fa-plus\"><\/i><\/span>\n\t\t\t\t\t\t\t\t<span class=\"elementor-accordion-icon-opened\"><i class=\"fas fa-minus\"><\/i><\/span>\n\t\t\t\t\t\t\t\t\t\t\t\t\t\t<\/span>\n\t\t\t\t\t\t\t\t\t\t\t\t<a class=\"elementor-accordion-title\" tabindex=\"0\">\u017baluzje drewniane w kuchni, \u0142azience<\/a>\n\t\t\t\t\t<\/div>\n\t\t\t\t\t<div id=\"elementor-tab-content-2415\" class=\"elementor-tab-content elementor-clearfix\" data-tab=\"5\" role=\"region\" aria-labelledby=\"elementor-tab-title-2415\"><p>Trzeba jednak zaznaczy\u0107, \u017ce drewno to w pe\u0142ni naturalny materia\u0142, wi\u0119c mo\u017ce si\u0119 r\u00f3\u017cnie zachowywa\u0107 w zmiennych warunkach.<br>Lamele mog\u0105 ulega\u0107 zdeformowaniu w miejscach takich jak kuchnia lub \u0142azienka, ze wzgl\u0119du na podwy\u017cszona wilgotno\u015b\u0107 oraz zmiany temperatury w pomieszczeniu. Mog\u0105 powsta\u0107 delikatne odkszta\u0142cenia, kt\u00f3re s\u0105 efektem naturalnym oraz nie stanowi\u0105 podstaw do reklamacji.<\/p><p>Ale nic straconego! W dalszym ci\u0105gu \u017caluzje w tych miejscach b\u0119d\u0105 prezentowa\u0107 si\u0119 zachwycaj\u0105co, a nawet mimo tych wad, s\u0105 tam produktem niezwykle po\u017c\u0105danym. Je\u017celi to odstrasza od monta\u017cu \u017caluzji drewnianej w tych miejscach, to mo\u017cna zastosowa\u0107 tam&nbsp;<span style=\"color: #339966;\"><a style=\"color: #339966;\" href=\"https:\/\/poznanskamanufakturarolet.pl\/index.php\/zaluzje-bambusowe\/\">\u017caluzje bambusowe<\/a><\/span>, kt\u00f3re s\u0105 bardziej odporne na wilgo\u0107.<\/p><\/div>\n\t\t\t\t<\/div>\n\t\t\t\t\t\t\t\t<\/div>\n\t\t\t\t<\/div>\n\t\t\t\t<\/div>\n\t\t\t\t\t<\/div>\n\t\t<\/div>\n\t\t\t\t\t\t\t<\/div>\n\t\t<\/section>\n\t\t\t\t<section class=\"elementor-section elementor-top-section elementor-element elementor-element-296f28c elementor-section-boxed elementor-section-height-default elementor-section-height-default\" data-id=\"296f28c\" data-element_type=\"section\">\n\t\t\t\t\t\t<div class=\"elementor-container elementor-column-gap-default\">\n\t\t\t\t\t<div class=\"elementor-column elementor-col-100 elementor-top-column elementor-element elementor-element-a545e44\" data-id=\"a545e44\" data-element_type=\"column\">\n\t\t\t<div class=\"elementor-widget-wrap elementor-element-populated\">\n\t\t\t\t\t\t\t\t<div class=\"elementor-element elementor-element-9e23292 elementor-widget elementor-widget-spacer\" data-id=\"9e23292\" data-element_type=\"widget\" data-widget_type=\"spacer.default\">\n\t\t\t\t<div class=\"elementor-widget-container\">\n\t\t\t\t\t<div class=\"elementor-spacer\">\n\t\t\t<div class=\"elementor-spacer-inner\"><\/div>\n\t\t<\/div>\n\t\t\t\t<\/div>\n\t\t\t\t<\/div>\n\t\t\t\t\t<\/div>\n\t\t<\/div>\n\t\t\t\t\t\t\t<\/div>\n\t\t<\/section>\n\t\t\t\t<section class=\"elementor-section elementor-top-section elementor-element elementor-element-b3426d6 elementor-section-boxed elementor-section-height-default elementor-section-height-default\" data-id=\"b3426d6\" data-element_type=\"section\">\n\t\t\t\t\t\t<div class=\"elementor-container elementor-column-gap-default\">\n\t\t\t\t\t<div class=\"elementor-column elementor-col-100 elementor-top-column elementor-element elementor-element-4f889da\" data-id=\"4f889da\" data-element_type=\"column\">\n\t\t\t<div class=\"elementor-widget-wrap elementor-element-populated\">\n\t\t\t\t\t\t\t\t<div class=\"elementor-element elementor-element-c7e0907 elementor-widget elementor-widget-spacer\" data-id=\"c7e0907\" data-element_type=\"widget\" data-widget_type=\"spacer.default\">\n\t\t\t\t<div class=\"elementor-widget-container\">\n\t\t\t\t\t<div class=\"elementor-spacer\">\n\t\t\t<div class=\"elementor-spacer-inner\"><\/div>\n\t\t<\/div>\n\t\t\t\t<\/div>\n\t\t\t\t<\/div>\n\t\t\t\t\t<\/div>\n\t\t<\/div>\n\t\t\t\t\t\t\t<\/div>\n\t\t<\/section>\n\t\t\t\t\t\t\t<\/div>\n\t\t","protected":false},"excerpt":{"rendered":"<p>\u017baluzje drewniane \u017baluzje drewniane s\u0105 eleganckim rozwi\u0105zaniem wprawiaj\u0105cym w zachwyt nawet najbardziej wymagaj\u0105cych klient\u00f3w. Wprowadzaj\u0105 do pomieszczenia niezwykle nastrojowy klimat.\u00a0 Swoj\u0105 wyj\u0105tkowo\u015b\u0107 zawdzi\u0119czaj\u0105 temu co jest nam wszystkim najbli\u017csze, naturze. Nasze \u017caluzje drewniane wykonane s\u0105 ze specjalnego gatunku drewna jakim&#8230;<\/p>\n","protected":false},"author":3,"featured_media":0,"parent":0,"menu_order":0,"comment_status":"closed","ping_status":"closed","template":"","meta":{"footnotes":""},"_links":{"self":[{"href":"https:\/\/poznanskamanufakturarolet.pl\/index.php\/wp-json\/wp\/v2\/pages\/13857"}],"collection":[{"href":"https:\/\/poznanskamanufakturarolet.pl\/index.php\/wp-json\/wp\/v2\/pages"}],"about":[{"href":"https:\/\/poznanskamanufakturarolet.pl\/index.php\/wp-json\/wp\/v2\/types\/page"}],"author":[{"embeddable":true,"href":"https:\/\/poznanskamanufakturarolet.pl\/index.php\/wp-json\/wp\/v2\/users\/3"}],"replies":[{"embeddable":true,"href":"https:\/\/poznanskamanufakturarolet.pl\/index.php\/wp-json\/wp\/v2\/comments?post=13857"}],"version-history":[{"count":37,"href":"https:\/\/poznanskamanufakturarolet.pl\/index.php\/wp-json\/wp\/v2\/pages\/13857\/revisions"}],"predecessor-version":[{"id":14194,"href":"https:\/\/poznanskamanufakturarolet.pl\/index.php\/wp-json\/wp\/v2\/pages\/13857\/revisions\/14194"}],"wp:attachment":[{"href":"https:\/\/poznanskamanufakturarolet.pl\/index.php\/wp-json\/wp\/v2\/media?parent=13857"}],"curies":[{"name":"wp","href":"https:\/\/api.w.org\/{rel}","templated":true}]}}