{"id":13650,"date":"2020-10-24T16:59:41","date_gmt":"2020-10-24T14:59:41","guid":{"rendered":"https:\/\/poznanskamanufakturarolet.pl\/?page_id=13650"},"modified":"2023-08-31T21:18:05","modified_gmt":"2023-08-31T19:18:05","slug":"moskitiery-3","status":"publish","type":"page","link":"https:\/\/poznanskamanufakturarolet.pl\/index.php\/moskitiery-3\/","title":{"rendered":"Moskitiery"},"content":{"rendered":"\t\t<div data-elementor-type=\"wp-page\" data-elementor-id=\"13650\" class=\"elementor elementor-13650\">\n\t\t\t\t\t\t\t\t\t<section class=\"elementor-section elementor-top-section elementor-element elementor-element-6b29cc3a elementor-section-stretched elementor-section-boxed elementor-section-height-default elementor-section-height-default\" data-id=\"6b29cc3a\" data-element_type=\"section\" data-settings=\"{&quot;stretch_section&quot;:&quot;section-stretched&quot;,&quot;shape_divider_top&quot;:&quot;tilt&quot;}\">\n\t\t\t\t\t<div class=\"elementor-shape elementor-shape-top\" data-negative=\"false\">\n\t\t\t<svg xmlns=\"http:\/\/www.w3.org\/2000\/svg\" viewBox=\"0 0 1000 100\" preserveAspectRatio=\"none\">\n\t<path class=\"elementor-shape-fill\" d=\"M0,6V0h1000v100L0,6z\"\/>\n<\/svg>\t\t<\/div>\n\t\t\t\t\t<div class=\"elementor-container elementor-column-gap-default\">\n\t\t\t\t\t<div class=\"elementor-column elementor-col-50 elementor-top-column elementor-element elementor-element-3c7fbf55\" data-id=\"3c7fbf55\" data-element_type=\"column\">\n\t\t\t<div class=\"elementor-widget-wrap elementor-element-populated\">\n\t\t\t\t\t\t\t\t<div class=\"elementor-element elementor-element-31cf0b82 elementor-widget elementor-widget-image\" data-id=\"31cf0b82\" data-element_type=\"widget\" data-widget_type=\"image.default\">\n\t\t\t\t<div class=\"elementor-widget-container\">\n\t\t\t\t\t\t\t\t\t\t\t\t\t\t\t<img decoding=\"async\" width=\"289\" height=\"592\" src=\"https:\/\/poznanskamanufakturarolet.pl\/wp-content\/uploads\/2023\/08\/moskitiery.jpg\" class=\"attachment-large size-large wp-image-14610\" alt=\"\" srcset=\"https:\/\/poznanskamanufakturarolet.pl\/wp-content\/uploads\/2023\/08\/moskitiery.jpg 289w, https:\/\/poznanskamanufakturarolet.pl\/wp-content\/uploads\/2023\/08\/moskitiery-146x300.jpg 146w\" sizes=\"(max-width: 289px) 100vw, 289px\" \/>\t\t\t\t\t\t\t\t\t\t\t\t\t\t\t<\/div>\n\t\t\t\t<\/div>\n\t\t\t\t\t<\/div>\n\t\t<\/div>\n\t\t\t\t<div class=\"elementor-column elementor-col-50 elementor-top-column elementor-element elementor-element-2f0efdad\" data-id=\"2f0efdad\" data-element_type=\"column\">\n\t\t\t<div class=\"elementor-widget-wrap elementor-element-populated\">\n\t\t\t\t\t\t\t\t<div class=\"elementor-element elementor-element-423ba33a elementor-widget elementor-widget-heading\" data-id=\"423ba33a\" data-element_type=\"widget\" data-widget_type=\"heading.default\">\n\t\t\t\t<div class=\"elementor-widget-container\">\n\t\t\t<h2 class=\"elementor-heading-title elementor-size-default\">Moskitiery<\/h2>\t\t<\/div>\n\t\t\t\t<\/div>\n\t\t\t\t<div class=\"elementor-element elementor-element-30553e81 elementor-widget elementor-widget-text-editor\" data-id=\"30553e81\" data-element_type=\"widget\" data-widget_type=\"text-editor.default\">\n\t\t\t\t<div class=\"elementor-widget-container\">\n\t\t\t\t\t\t\t<h5 style=\"text-align: left;\">Je\u015bli chcesz zapewni\u0107 sobie i swojej rodzinie spokojny sen bez uci\u0105\u017cliwych komar\u00f3w i innych insekt\u00f3w, warto zainwestowa\u0107 w moskitiery ramkowe. S\u0105 to specjalne os\u0142ony na okna i drzwi, kt\u00f3re skutecznie zatrzymuj\u0105 owady, nie wp\u0142ywaj\u0105c negatywnie na widoczno\u015b\u0107 i wentylacj\u0119. Moskitiery ramkowe s\u0105 \u0142atwe w monta\u017cu i demonta\u017cu, a tak\u017ce odporne na warunki atmosferyczne. Moskitiery drzwiowe zapewniaj\u0105 dodatkow\u0105 ochron\u0119 przed insektami, gdy chcemy mie\u0107 otwarte drzwi na taras lub balkon. W naszej ofercie znajdziesz moskitiery ramkowe i drzwiowe w r\u00f3\u017cnych rozmiarach i kolorach, dopasowane do Twoich potrzeb.<\/h5>\t\t\t\t\t\t<\/div>\n\t\t\t\t<\/div>\n\t\t\t\t\t<\/div>\n\t\t<\/div>\n\t\t\t\t\t\t\t<\/div>\n\t\t<\/section>\n\t\t\t\t<section class=\"elementor-section elementor-top-section elementor-element elementor-element-88243d0 elementor-section-boxed elementor-section-height-default elementor-section-height-default\" data-id=\"88243d0\" data-element_type=\"section\">\n\t\t\t\t\t\t<div class=\"elementor-container elementor-column-gap-default\">\n\t\t\t\t\t<div class=\"elementor-column elementor-col-100 elementor-top-column elementor-element elementor-element-67e0aa2\" data-id=\"67e0aa2\" data-element_type=\"column\">\n\t\t\t<div class=\"elementor-widget-wrap elementor-element-populated\">\n\t\t\t\t\t\t\t\t<div class=\"elementor-element elementor-element-eecc60a elementor-widget elementor-widget-spacer\" data-id=\"eecc60a\" data-element_type=\"widget\" data-widget_type=\"spacer.default\">\n\t\t\t\t<div class=\"elementor-widget-container\">\n\t\t\t\t\t<div class=\"elementor-spacer\">\n\t\t\t<div class=\"elementor-spacer-inner\"><\/div>\n\t\t<\/div>\n\t\t\t\t<\/div>\n\t\t\t\t<\/div>\n\t\t\t\t\t<\/div>\n\t\t<\/div>\n\t\t\t\t\t\t\t<\/div>\n\t\t<\/section>\n\t\t\t\t\t\t\t<\/div>\n\t\t","protected":false},"excerpt":{"rendered":"<p>Moskitiery Je\u015bli chcesz zapewni\u0107 sobie i swojej rodzinie spokojny sen bez uci\u0105\u017cliwych komar\u00f3w i innych insekt\u00f3w, warto zainwestowa\u0107 w moskitiery ramkowe. S\u0105 to specjalne os\u0142ony na okna i drzwi, kt\u00f3re skutecznie zatrzymuj\u0105 owady, nie wp\u0142ywaj\u0105c negatywnie na widoczno\u015b\u0107 i wentylacj\u0119&#8230;.<\/p>\n","protected":false},"author":3,"featured_media":0,"parent":0,"menu_order":0,"comment_status":"closed","ping_status":"closed","template":"","meta":{"footnotes":""},"_links":{"self":[{"href":"https:\/\/poznanskamanufakturarolet.pl\/index.php\/wp-json\/wp\/v2\/pages\/13650"}],"collection":[{"href":"https:\/\/poznanskamanufakturarolet.pl\/index.php\/wp-json\/wp\/v2\/pages"}],"about":[{"href":"https:\/\/poznanskamanufakturarolet.pl\/index.php\/wp-json\/wp\/v2\/types\/page"}],"author":[{"embeddable":true,"href":"https:\/\/poznanskamanufakturarolet.pl\/index.php\/wp-json\/wp\/v2\/users\/3"}],"replies":[{"embeddable":true,"href":"https:\/\/poznanskamanufakturarolet.pl\/index.php\/wp-json\/wp\/v2\/comments?post=13650"}],"version-history":[{"count":24,"href":"https:\/\/poznanskamanufakturarolet.pl\/index.php\/wp-json\/wp\/v2\/pages\/13650\/revisions"}],"predecessor-version":[{"id":14723,"href":"https:\/\/poznanskamanufakturarolet.pl\/index.php\/wp-json\/wp\/v2\/pages\/13650\/revisions\/14723"}],"wp:attachment":[{"href":"https:\/\/poznanskamanufakturarolet.pl\/index.php\/wp-json\/wp\/v2\/media?parent=13650"}],"curies":[{"name":"wp","href":"https:\/\/api.w.org\/{rel}","templated":true}]}}