{"id":13647,"date":"2020-10-24T16:57:35","date_gmt":"2020-10-24T14:57:35","guid":{"rendered":"https:\/\/poznanskamanufakturarolet.pl\/?page_id=13647"},"modified":"2023-08-31T21:19:10","modified_gmt":"2023-08-31T19:19:10","slug":"rolety-dachowe","status":"publish","type":"page","link":"https:\/\/poznanskamanufakturarolet.pl\/index.php\/rolety-dachowe\/","title":{"rendered":"Rolety Dachowe"},"content":{"rendered":"\t\t<div data-elementor-type=\"wp-page\" data-elementor-id=\"13647\" class=\"elementor elementor-13647\">\n\t\t\t\t\t\t\t\t\t<section class=\"elementor-section elementor-top-section elementor-element elementor-element-7b4b664a elementor-section-stretched elementor-section-boxed elementor-section-height-default elementor-section-height-default\" data-id=\"7b4b664a\" data-element_type=\"section\" data-settings=\"{&quot;stretch_section&quot;:&quot;section-stretched&quot;,&quot;shape_divider_top&quot;:&quot;tilt&quot;}\">\n\t\t\t\t\t<div class=\"elementor-shape elementor-shape-top\" data-negative=\"false\">\n\t\t\t<svg xmlns=\"http:\/\/www.w3.org\/2000\/svg\" viewBox=\"0 0 1000 100\" preserveAspectRatio=\"none\">\n\t<path class=\"elementor-shape-fill\" d=\"M0,6V0h1000v100L0,6z\"\/>\n<\/svg>\t\t<\/div>\n\t\t\t\t\t<div class=\"elementor-container elementor-column-gap-default\">\n\t\t\t\t\t<div class=\"elementor-column elementor-col-50 elementor-top-column elementor-element elementor-element-41b788c7\" data-id=\"41b788c7\" data-element_type=\"column\">\n\t\t\t<div class=\"elementor-widget-wrap elementor-element-populated\">\n\t\t\t\t\t\t\t\t<div class=\"elementor-element elementor-element-590f0187 elementor-widget elementor-widget-image\" data-id=\"590f0187\" data-element_type=\"widget\" data-widget_type=\"image.default\">\n\t\t\t\t<div class=\"elementor-widget-container\">\n\t\t\t\t\t\t\t\t\t\t\t\t\t\t\t<img decoding=\"async\" width=\"289\" height=\"592\" src=\"https:\/\/poznanskamanufakturarolet.pl\/wp-content\/uploads\/2023\/08\/roletadachowa.jpg\" class=\"attachment-large size-large wp-image-14611\" alt=\"\" srcset=\"https:\/\/poznanskamanufakturarolet.pl\/wp-content\/uploads\/2023\/08\/roletadachowa.jpg 289w, https:\/\/poznanskamanufakturarolet.pl\/wp-content\/uploads\/2023\/08\/roletadachowa-146x300.jpg 146w\" sizes=\"(max-width: 289px) 100vw, 289px\" \/>\t\t\t\t\t\t\t\t\t\t\t\t\t\t\t<\/div>\n\t\t\t\t<\/div>\n\t\t\t\t\t<\/div>\n\t\t<\/div>\n\t\t\t\t<div class=\"elementor-column elementor-col-50 elementor-top-column elementor-element elementor-element-5dc80b21\" data-id=\"5dc80b21\" data-element_type=\"column\">\n\t\t\t<div class=\"elementor-widget-wrap elementor-element-populated\">\n\t\t\t\t\t\t\t\t<div class=\"elementor-element elementor-element-758229fb elementor-widget elementor-widget-heading\" data-id=\"758229fb\" data-element_type=\"widget\" data-widget_type=\"heading.default\">\n\t\t\t\t<div class=\"elementor-widget-container\">\n\t\t\t<h2 class=\"elementor-heading-title elementor-size-default\">Rolety Dachowe<\/h2>\t\t<\/div>\n\t\t\t\t<\/div>\n\t\t\t\t<div class=\"elementor-element elementor-element-ae6c141 elementor-widget elementor-widget-text-editor\" data-id=\"ae6c141\" data-element_type=\"widget\" data-widget_type=\"text-editor.default\">\n\t\t\t\t<div class=\"elementor-widget-container\">\n\t\t\t\t\t\t\t<h5 style=\"text-align: left;\">Rolety dachowe to nie tylko praktyczne rozwi\u0105zanie, ale tak\u017ce ozdoba wn\u0119trza poddasza. Nasze rolety dachowe charakteryzuj\u0105 si\u0119 wysok\u0105 jako\u015bci\u0105 wykonania i trwa\u0142o\u015bci\u0105. Wykorzystujemy te same tkaniny, co w przypadku rolet materia\u0142owych, kt\u00f3re s\u0105 odporne na promieniowanie UV <br>i \u0142atwe w czyszczeniu. Rolety dachowe montujemy bezpo\u015brednio do ramy okiennej, u\u017cywaj\u0105c aluminiowej obudowy, kt\u00f3ra chroni tkanin\u0119 przed kurzem i wilgoci\u0105. Dzi\u0119ki specjalnemu mechanizmowi spr\u0119\u017cynowemu z hamulcem, roleta mo\u017ce by\u0107 zatrzymana w dowolnym miejscu na oknie, zapewniaj\u0105c optymaln\u0105 regulacj\u0119 \u015bwiat\u0142a i temperatury. Rolety dachowe oferujemy tylko na okna VELUX i FAKRO, kt\u00f3re s\u0105 liderami na rynku okien dachowych.<\/h5>\t\t\t\t\t\t<\/div>\n\t\t\t\t<\/div>\n\t\t\t\t\t<\/div>\n\t\t<\/div>\n\t\t\t\t\t\t\t<\/div>\n\t\t<\/section>\n\t\t\t\t<section class=\"elementor-section elementor-top-section elementor-element elementor-element-b6a1110 elementor-section-boxed elementor-section-height-default elementor-section-height-default\" data-id=\"b6a1110\" data-element_type=\"section\">\n\t\t\t\t\t\t<div class=\"elementor-container elementor-column-gap-default\">\n\t\t\t\t\t<div class=\"elementor-column elementor-col-100 elementor-top-column elementor-element elementor-element-99166da\" data-id=\"99166da\" data-element_type=\"column\">\n\t\t\t<div class=\"elementor-widget-wrap elementor-element-populated\">\n\t\t\t\t\t\t\t\t<div class=\"elementor-element elementor-element-986d596 elementor-widget elementor-widget-spacer\" data-id=\"986d596\" data-element_type=\"widget\" data-widget_type=\"spacer.default\">\n\t\t\t\t<div class=\"elementor-widget-container\">\n\t\t\t\t\t<div class=\"elementor-spacer\">\n\t\t\t<div class=\"elementor-spacer-inner\"><\/div>\n\t\t<\/div>\n\t\t\t\t<\/div>\n\t\t\t\t<\/div>\n\t\t\t\t\t<\/div>\n\t\t<\/div>\n\t\t\t\t\t\t\t<\/div>\n\t\t<\/section>\n\t\t\t\t\t\t\t<\/div>\n\t\t","protected":false},"excerpt":{"rendered":"<p>Rolety Dachowe Rolety dachowe to nie tylko praktyczne rozwi\u0105zanie, ale tak\u017ce ozdoba wn\u0119trza poddasza. Nasze rolety dachowe charakteryzuj\u0105 si\u0119 wysok\u0105 jako\u015bci\u0105 wykonania i trwa\u0142o\u015bci\u0105. Wykorzystujemy te same tkaniny, co w przypadku rolet materia\u0142owych, kt\u00f3re s\u0105 odporne na promieniowanie UV i&#8230;<\/p>\n","protected":false},"author":3,"featured_media":0,"parent":0,"menu_order":0,"comment_status":"closed","ping_status":"closed","template":"","meta":{"footnotes":""},"_links":{"self":[{"href":"https:\/\/poznanskamanufakturarolet.pl\/index.php\/wp-json\/wp\/v2\/pages\/13647"}],"collection":[{"href":"https:\/\/poznanskamanufakturarolet.pl\/index.php\/wp-json\/wp\/v2\/pages"}],"about":[{"href":"https:\/\/poznanskamanufakturarolet.pl\/index.php\/wp-json\/wp\/v2\/types\/page"}],"author":[{"embeddable":true,"href":"https:\/\/poznanskamanufakturarolet.pl\/index.php\/wp-json\/wp\/v2\/users\/3"}],"replies":[{"embeddable":true,"href":"https:\/\/poznanskamanufakturarolet.pl\/index.php\/wp-json\/wp\/v2\/comments?post=13647"}],"version-history":[{"count":33,"href":"https:\/\/poznanskamanufakturarolet.pl\/index.php\/wp-json\/wp\/v2\/pages\/13647\/revisions"}],"predecessor-version":[{"id":14729,"href":"https:\/\/poznanskamanufakturarolet.pl\/index.php\/wp-json\/wp\/v2\/pages\/13647\/revisions\/14729"}],"wp:attachment":[{"href":"https:\/\/poznanskamanufakturarolet.pl\/index.php\/wp-json\/wp\/v2\/media?parent=13647"}],"curies":[{"name":"wp","href":"https:\/\/api.w.org\/{rel}","templated":true}]}}