{"id":13644,"date":"2020-10-24T16:56:00","date_gmt":"2020-10-24T14:56:00","guid":{"rendered":"https:\/\/poznanskamanufakturarolet.pl\/?page_id=13644"},"modified":"2023-08-31T21:18:45","modified_gmt":"2023-08-31T19:18:45","slug":"rolety-rzymskie-3","status":"publish","type":"page","link":"https:\/\/poznanskamanufakturarolet.pl\/index.php\/rolety-rzymskie-3\/","title":{"rendered":"Rolety Rzymskie"},"content":{"rendered":"\t\t<div data-elementor-type=\"wp-page\" data-elementor-id=\"13644\" class=\"elementor elementor-13644\">\n\t\t\t\t\t\t\t\t\t<section class=\"elementor-section elementor-top-section elementor-element elementor-element-5c38160c elementor-section-stretched elementor-section-boxed elementor-section-height-default elementor-section-height-default\" data-id=\"5c38160c\" data-element_type=\"section\" data-settings=\"{&quot;stretch_section&quot;:&quot;section-stretched&quot;,&quot;shape_divider_top&quot;:&quot;tilt&quot;}\">\n\t\t\t\t\t<div class=\"elementor-shape elementor-shape-top\" data-negative=\"false\">\n\t\t\t<svg xmlns=\"http:\/\/www.w3.org\/2000\/svg\" viewBox=\"0 0 1000 100\" preserveAspectRatio=\"none\">\n\t<path class=\"elementor-shape-fill\" d=\"M0,6V0h1000v100L0,6z\"\/>\n<\/svg>\t\t<\/div>\n\t\t\t\t\t<div class=\"elementor-container elementor-column-gap-default\">\n\t\t\t\t\t<div class=\"elementor-column elementor-col-50 elementor-top-column elementor-element elementor-element-549fc22a\" data-id=\"549fc22a\" data-element_type=\"column\">\n\t\t\t<div class=\"elementor-widget-wrap elementor-element-populated\">\n\t\t\t\t\t\t\t\t<div class=\"elementor-element elementor-element-552a4d3a elementor-widget elementor-widget-image\" data-id=\"552a4d3a\" data-element_type=\"widget\" data-widget_type=\"image.default\">\n\t\t\t\t<div class=\"elementor-widget-container\">\n\t\t\t\t\t\t\t\t\t\t\t\t\t\t\t<img decoding=\"async\" width=\"289\" height=\"592\" src=\"https:\/\/poznanskamanufakturarolet.pl\/wp-content\/uploads\/2023\/08\/roletarzymska.jpg\" class=\"attachment-large size-large wp-image-14613\" alt=\"\" srcset=\"https:\/\/poznanskamanufakturarolet.pl\/wp-content\/uploads\/2023\/08\/roletarzymska.jpg 289w, https:\/\/poznanskamanufakturarolet.pl\/wp-content\/uploads\/2023\/08\/roletarzymska-146x300.jpg 146w\" sizes=\"(max-width: 289px) 100vw, 289px\" \/>\t\t\t\t\t\t\t\t\t\t\t\t\t\t\t<\/div>\n\t\t\t\t<\/div>\n\t\t\t\t\t<\/div>\n\t\t<\/div>\n\t\t\t\t<div class=\"elementor-column elementor-col-50 elementor-top-column elementor-element elementor-element-2232a044\" data-id=\"2232a044\" data-element_type=\"column\">\n\t\t\t<div class=\"elementor-widget-wrap elementor-element-populated\">\n\t\t\t\t\t\t\t\t<div class=\"elementor-element elementor-element-4e45efa1 elementor-widget elementor-widget-heading\" data-id=\"4e45efa1\" data-element_type=\"widget\" data-widget_type=\"heading.default\">\n\t\t\t\t<div class=\"elementor-widget-container\">\n\t\t\t<h2 class=\"elementor-heading-title elementor-size-default\">Rolety Rzymskie<\/h2>\t\t<\/div>\n\t\t\t\t<\/div>\n\t\t\t\t<div class=\"elementor-element elementor-element-60c7130 elementor-widget elementor-widget-text-editor\" data-id=\"60c7130\" data-element_type=\"widget\" data-widget_type=\"text-editor.default\">\n\t\t\t\t<div class=\"elementor-widget-container\">\n\t\t\t\t\t\t\t<h5 style=\"text-align: left;\">Rolety rzymskie to idealne rozwi\u0105zanie dla os\u00f3b, kt\u00f3re ceni\u0105 sobie nowoczesny i elegancki wygl\u0105d okien. Roleta rzymska nadaje wn\u0119trzu ciep\u0142y i przyjemny klimat, a jednocze\u015bnie zapewnia ochron\u0119 przed \u015bwiat\u0142em <br \/>i wzrokiem z zewn\u0105trz. Nasze rolety rzymskie s\u0105 wykonane z wysokiej jako\u015bci tkanin, dopasowanych do wymiar\u00f3w i stylu okna. Oferujemy szeroki wyb\u00f3r kolor\u00f3w i wzor\u00f3w, aby ka\u017cdy klient znalaz\u0142 co\u015b dla siebie. Nasze rolety rzymskie to produkt luksusowy i trwa\u0142y, kt\u00f3ry spe\u0142ni Twoje oczekiwania.<\/h5>\t\t\t\t\t\t<\/div>\n\t\t\t\t<\/div>\n\t\t\t\t\t<\/div>\n\t\t<\/div>\n\t\t\t\t\t\t\t<\/div>\n\t\t<\/section>\n\t\t\t\t<section class=\"elementor-section elementor-top-section elementor-element elementor-element-9310fe5 elementor-section-boxed elementor-section-height-default elementor-section-height-default\" data-id=\"9310fe5\" data-element_type=\"section\">\n\t\t\t\t\t\t<div class=\"elementor-container elementor-column-gap-default\">\n\t\t\t\t\t<div class=\"elementor-column elementor-col-100 elementor-top-column elementor-element elementor-element-51128ff\" data-id=\"51128ff\" data-element_type=\"column\">\n\t\t\t<div class=\"elementor-widget-wrap elementor-element-populated\">\n\t\t\t\t\t\t\t\t<div class=\"elementor-element elementor-element-fb0b17a elementor-widget elementor-widget-spacer\" data-id=\"fb0b17a\" data-element_type=\"widget\" data-widget_type=\"spacer.default\">\n\t\t\t\t<div class=\"elementor-widget-container\">\n\t\t\t\t\t<div class=\"elementor-spacer\">\n\t\t\t<div class=\"elementor-spacer-inner\"><\/div>\n\t\t<\/div>\n\t\t\t\t<\/div>\n\t\t\t\t<\/div>\n\t\t\t\t\t<\/div>\n\t\t<\/div>\n\t\t\t\t\t\t\t<\/div>\n\t\t<\/section>\n\t\t\t\t\t\t\t<\/div>\n\t\t","protected":false},"excerpt":{"rendered":"<p>Rolety Rzymskie Rolety rzymskie to idealne rozwi\u0105zanie dla os\u00f3b, kt\u00f3re ceni\u0105 sobie nowoczesny i elegancki wygl\u0105d okien. Roleta rzymska nadaje wn\u0119trzu ciep\u0142y i przyjemny klimat, a jednocze\u015bnie zapewnia ochron\u0119 przed \u015bwiat\u0142em i wzrokiem z zewn\u0105trz. Nasze rolety rzymskie s\u0105 wykonane&#8230;<\/p>\n","protected":false},"author":3,"featured_media":0,"parent":0,"menu_order":0,"comment_status":"closed","ping_status":"closed","template":"","meta":{"footnotes":""},"_links":{"self":[{"href":"https:\/\/poznanskamanufakturarolet.pl\/index.php\/wp-json\/wp\/v2\/pages\/13644"}],"collection":[{"href":"https:\/\/poznanskamanufakturarolet.pl\/index.php\/wp-json\/wp\/v2\/pages"}],"about":[{"href":"https:\/\/poznanskamanufakturarolet.pl\/index.php\/wp-json\/wp\/v2\/types\/page"}],"author":[{"embeddable":true,"href":"https:\/\/poznanskamanufakturarolet.pl\/index.php\/wp-json\/wp\/v2\/users\/3"}],"replies":[{"embeddable":true,"href":"https:\/\/poznanskamanufakturarolet.pl\/index.php\/wp-json\/wp\/v2\/comments?post=13644"}],"version-history":[{"count":35,"href":"https:\/\/poznanskamanufakturarolet.pl\/index.php\/wp-json\/wp\/v2\/pages\/13644\/revisions"}],"predecessor-version":[{"id":14726,"href":"https:\/\/poznanskamanufakturarolet.pl\/index.php\/wp-json\/wp\/v2\/pages\/13644\/revisions\/14726"}],"wp:attachment":[{"href":"https:\/\/poznanskamanufakturarolet.pl\/index.php\/wp-json\/wp\/v2\/media?parent=13644"}],"curies":[{"name":"wp","href":"https:\/\/api.w.org\/{rel}","templated":true}]}}