{"id":13641,"date":"2020-10-24T16:53:57","date_gmt":"2020-10-24T14:53:57","guid":{"rendered":"https:\/\/poznanskamanufakturarolet.pl\/?page_id=13641"},"modified":"2023-08-31T21:11:14","modified_gmt":"2023-08-31T19:11:14","slug":"rolety-materialowe-2","status":"publish","type":"page","link":"https:\/\/poznanskamanufakturarolet.pl\/index.php\/rolety-materialowe-2\/","title":{"rendered":"Rolety Materia\u0142owe"},"content":{"rendered":"\t\t<div data-elementor-type=\"wp-page\" data-elementor-id=\"13641\" class=\"elementor elementor-13641\">\n\t\t\t\t\t\t\t\t\t<section class=\"elementor-section elementor-top-section elementor-element elementor-element-2383477a elementor-section-stretched elementor-section-boxed elementor-section-height-default elementor-section-height-default\" data-id=\"2383477a\" data-element_type=\"section\" data-settings=\"{&quot;stretch_section&quot;:&quot;section-stretched&quot;,&quot;shape_divider_top&quot;:&quot;tilt&quot;}\">\n\t\t\t\t\t<div class=\"elementor-shape elementor-shape-top\" data-negative=\"false\">\n\t\t\t<svg xmlns=\"http:\/\/www.w3.org\/2000\/svg\" viewBox=\"0 0 1000 100\" preserveAspectRatio=\"none\">\n\t<path class=\"elementor-shape-fill\" d=\"M0,6V0h1000v100L0,6z\"\/>\n<\/svg>\t\t<\/div>\n\t\t\t\t\t<div class=\"elementor-container elementor-column-gap-default\">\n\t\t\t\t\t<div class=\"elementor-column elementor-col-50 elementor-top-column elementor-element elementor-element-f70504c\" data-id=\"f70504c\" data-element_type=\"column\">\n\t\t\t<div class=\"elementor-widget-wrap elementor-element-populated\">\n\t\t\t\t\t\t\t\t<div class=\"elementor-element elementor-element-1b031d9e elementor-widget elementor-widget-image\" data-id=\"1b031d9e\" data-element_type=\"widget\" data-widget_type=\"image.default\">\n\t\t\t\t<div class=\"elementor-widget-container\">\n\t\t\t\t\t\t\t\t\t\t\t\t\t\t\t<img decoding=\"async\" width=\"289\" height=\"592\" src=\"https:\/\/poznanskamanufakturarolet.pl\/wp-content\/uploads\/2023\/08\/roletamaterialowa.jpg\" class=\"attachment-large size-large wp-image-14612\" alt=\"\" srcset=\"https:\/\/poznanskamanufakturarolet.pl\/wp-content\/uploads\/2023\/08\/roletamaterialowa.jpg 289w, https:\/\/poznanskamanufakturarolet.pl\/wp-content\/uploads\/2023\/08\/roletamaterialowa-146x300.jpg 146w\" sizes=\"(max-width: 289px) 100vw, 289px\" \/>\t\t\t\t\t\t\t\t\t\t\t\t\t\t\t<\/div>\n\t\t\t\t<\/div>\n\t\t\t\t\t<\/div>\n\t\t<\/div>\n\t\t\t\t<div class=\"elementor-column elementor-col-50 elementor-top-column elementor-element elementor-element-412bdfa4\" data-id=\"412bdfa4\" data-element_type=\"column\">\n\t\t\t<div class=\"elementor-widget-wrap elementor-element-populated\">\n\t\t\t\t\t\t\t\t<div class=\"elementor-element elementor-element-6508d8e6 elementor-widget elementor-widget-heading\" data-id=\"6508d8e6\" data-element_type=\"widget\" data-widget_type=\"heading.default\">\n\t\t\t\t<div class=\"elementor-widget-container\">\n\t\t\t<h2 class=\"elementor-heading-title elementor-size-default\">Rolety Materia\u0142owe<\/h2>\t\t<\/div>\n\t\t\t\t<\/div>\n\t\t\t\t<div class=\"elementor-element elementor-element-135860c5 elementor-widget elementor-widget-text-editor\" data-id=\"135860c5\" data-element_type=\"widget\" data-widget_type=\"text-editor.default\">\n\t\t\t\t<div class=\"elementor-widget-container\">\n\t\t\t\t\t\t\t<h5 style=\"text-align: left;\">Nasze rolety materia\u0142owe to nie tylko estetyczny dodatek do wn\u0119trza, ale tak\u017ce funkcjonalne rozwi\u0105zanie, kt\u00f3re zapewnia komfort i prywatno\u015b\u0107. Rolety wykonane s\u0105 z wysokiej jako\u015bci tkanin, kt\u00f3re pochodz\u0105 wy\u0142\u0105cznie od sprawdzonych polskich dostawc\u00f3w. Nie oferujemy produkt\u00f3w niskiej jako\u015bci, dlatego mo\u017cesz by\u0107 pewien, \u017ce nasze rolety b\u0119d\u0105 s\u0142u\u017cy\u0107 Ci przez d\u0142ugi czas. Rolety materia\u0142owe to klasyczny wyb\u00f3r, kt\u00f3ry pasuje do ka\u017cdego stylu <br \/>i pomieszczenia. Mo\u017cesz wybra\u0107 spo\u015br\u00f3d wielu kolor\u00f3w i wzor\u00f3w, aby dopasowa\u0107 rolety do swojego gustu i potrzeb.<\/h5>\t\t\t\t\t\t<\/div>\n\t\t\t\t<\/div>\n\t\t\t\t\t<\/div>\n\t\t<\/div>\n\t\t\t\t\t\t\t<\/div>\n\t\t<\/section>\n\t\t\t\t<section class=\"elementor-section elementor-top-section elementor-element elementor-element-e51145c elementor-section-boxed elementor-section-height-default elementor-section-height-default\" data-id=\"e51145c\" data-element_type=\"section\">\n\t\t\t\t\t\t<div class=\"elementor-container elementor-column-gap-default\">\n\t\t\t\t\t<div class=\"elementor-column elementor-col-100 elementor-top-column elementor-element elementor-element-3a3198b\" data-id=\"3a3198b\" data-element_type=\"column\">\n\t\t\t<div class=\"elementor-widget-wrap elementor-element-populated\">\n\t\t\t\t\t\t\t\t<div class=\"elementor-element elementor-element-1fef758 elementor-widget elementor-widget-spacer\" data-id=\"1fef758\" data-element_type=\"widget\" data-widget_type=\"spacer.default\">\n\t\t\t\t<div class=\"elementor-widget-container\">\n\t\t\t\t\t<div class=\"elementor-spacer\">\n\t\t\t<div class=\"elementor-spacer-inner\"><\/div>\n\t\t<\/div>\n\t\t\t\t<\/div>\n\t\t\t\t<\/div>\n\t\t\t\t<div class=\"elementor-element elementor-element-5cd7b23 elementor-widget elementor-widget-spacer\" data-id=\"5cd7b23\" data-element_type=\"widget\" data-widget_type=\"spacer.default\">\n\t\t\t\t<div class=\"elementor-widget-container\">\n\t\t\t\t\t<div class=\"elementor-spacer\">\n\t\t\t<div class=\"elementor-spacer-inner\"><\/div>\n\t\t<\/div>\n\t\t\t\t<\/div>\n\t\t\t\t<\/div>\n\t\t\t\t\t<\/div>\n\t\t<\/div>\n\t\t\t\t\t\t\t<\/div>\n\t\t<\/section>\n\t\t\t\t\t\t\t<\/div>\n\t\t","protected":false},"excerpt":{"rendered":"<p>Rolety Materia\u0142owe Nasze rolety materia\u0142owe to nie tylko estetyczny dodatek do wn\u0119trza, ale tak\u017ce funkcjonalne rozwi\u0105zanie, kt\u00f3re zapewnia komfort i prywatno\u015b\u0107. Rolety wykonane s\u0105 z wysokiej jako\u015bci tkanin, kt\u00f3re pochodz\u0105 wy\u0142\u0105cznie od sprawdzonych polskich dostawc\u00f3w. Nie oferujemy produkt\u00f3w niskiej jako\u015bci,&#8230;<\/p>\n","protected":false},"author":3,"featured_media":0,"parent":0,"menu_order":0,"comment_status":"closed","ping_status":"closed","template":"","meta":{"footnotes":""},"_links":{"self":[{"href":"https:\/\/poznanskamanufakturarolet.pl\/index.php\/wp-json\/wp\/v2\/pages\/13641"}],"collection":[{"href":"https:\/\/poznanskamanufakturarolet.pl\/index.php\/wp-json\/wp\/v2\/pages"}],"about":[{"href":"https:\/\/poznanskamanufakturarolet.pl\/index.php\/wp-json\/wp\/v2\/types\/page"}],"author":[{"embeddable":true,"href":"https:\/\/poznanskamanufakturarolet.pl\/index.php\/wp-json\/wp\/v2\/users\/3"}],"replies":[{"embeddable":true,"href":"https:\/\/poznanskamanufakturarolet.pl\/index.php\/wp-json\/wp\/v2\/comments?post=13641"}],"version-history":[{"count":39,"href":"https:\/\/poznanskamanufakturarolet.pl\/index.php\/wp-json\/wp\/v2\/pages\/13641\/revisions"}],"predecessor-version":[{"id":14705,"href":"https:\/\/poznanskamanufakturarolet.pl\/index.php\/wp-json\/wp\/v2\/pages\/13641\/revisions\/14705"}],"wp:attachment":[{"href":"https:\/\/poznanskamanufakturarolet.pl\/index.php\/wp-json\/wp\/v2\/media?parent=13641"}],"curies":[{"name":"wp","href":"https:\/\/api.w.org\/{rel}","templated":true}]}}