{"id":13637,"date":"2020-10-24T16:51:19","date_gmt":"2020-10-24T14:51:19","guid":{"rendered":"https:\/\/poznanskamanufakturarolet.pl\/?page_id=13637"},"modified":"2023-08-31T21:08:34","modified_gmt":"2023-08-31T19:08:34","slug":"rolety-dzien-noc-3","status":"publish","type":"page","link":"https:\/\/poznanskamanufakturarolet.pl\/index.php\/rolety-dzien-noc-3\/","title":{"rendered":"Rolety Dzie\u0144 Noc"},"content":{"rendered":"\t\t<div data-elementor-type=\"wp-page\" data-elementor-id=\"13637\" class=\"elementor elementor-13637\">\n\t\t\t\t\t\t\t\t\t<section class=\"elementor-section elementor-top-section elementor-element elementor-element-4cb3797 elementor-section-stretched elementor-section-boxed elementor-section-height-default elementor-section-height-default\" data-id=\"4cb3797\" data-element_type=\"section\" data-settings=\"{&quot;stretch_section&quot;:&quot;section-stretched&quot;,&quot;shape_divider_top&quot;:&quot;tilt&quot;}\">\n\t\t\t\t\t<div class=\"elementor-shape elementor-shape-top\" data-negative=\"false\">\n\t\t\t<svg xmlns=\"http:\/\/www.w3.org\/2000\/svg\" viewBox=\"0 0 1000 100\" preserveAspectRatio=\"none\">\n\t<path class=\"elementor-shape-fill\" d=\"M0,6V0h1000v100L0,6z\"\/>\n<\/svg>\t\t<\/div>\n\t\t\t\t\t<div class=\"elementor-container elementor-column-gap-default\">\n\t\t\t\t\t<div class=\"elementor-column elementor-col-50 elementor-top-column elementor-element elementor-element-01c439e\" data-id=\"01c439e\" data-element_type=\"column\">\n\t\t\t<div class=\"elementor-widget-wrap elementor-element-populated\">\n\t\t\t\t\t\t\t\t<div class=\"elementor-element elementor-element-7c56115 elementor-widget elementor-widget-image\" data-id=\"7c56115\" data-element_type=\"widget\" data-widget_type=\"image.default\">\n\t\t\t\t<div class=\"elementor-widget-container\">\n\t\t\t\t\t\t\t\t\t\t\t\t\t\t\t<img decoding=\"async\" width=\"289\" height=\"592\" src=\"https:\/\/poznanskamanufakturarolet.pl\/wp-content\/uploads\/2023\/08\/dziennoc.jpg\" class=\"attachment-large size-large wp-image-14602\" alt=\"\" srcset=\"https:\/\/poznanskamanufakturarolet.pl\/wp-content\/uploads\/2023\/08\/dziennoc.jpg 289w, https:\/\/poznanskamanufakturarolet.pl\/wp-content\/uploads\/2023\/08\/dziennoc-146x300.jpg 146w\" sizes=\"(max-width: 289px) 100vw, 289px\" \/>\t\t\t\t\t\t\t\t\t\t\t\t\t\t\t<\/div>\n\t\t\t\t<\/div>\n\t\t\t\t\t<\/div>\n\t\t<\/div>\n\t\t\t\t<div class=\"elementor-column elementor-col-50 elementor-top-column elementor-element elementor-element-c2ead94\" data-id=\"c2ead94\" data-element_type=\"column\">\n\t\t\t<div class=\"elementor-widget-wrap elementor-element-populated\">\n\t\t\t\t\t\t\t\t<div class=\"elementor-element elementor-element-188b2f1 elementor-widget elementor-widget-heading\" data-id=\"188b2f1\" data-element_type=\"widget\" data-widget_type=\"heading.default\">\n\t\t\t\t<div class=\"elementor-widget-container\">\n\t\t\t<h2 class=\"elementor-heading-title elementor-size-default\">Rolety Dzie\u0144 Noc<\/h2>\t\t<\/div>\n\t\t\t\t<\/div>\n\t\t\t\t<div class=\"elementor-element elementor-element-7b0e36d elementor-widget elementor-widget-text-editor\" data-id=\"7b0e36d\" data-element_type=\"widget\" data-widget_type=\"text-editor.default\">\n\t\t\t\t<div class=\"elementor-widget-container\">\n\t\t\t\t\t\t\t<h5 style=\"text-align: left;\">Roleta dzie\u0144 noc to rozwi\u0105zanie, kt\u00f3re cieszy si\u0119 du\u017cym zainteresowaniem. Jest to zas\u0142uga jej wszechstronno\u015bci i funkcjonalno\u015bci, kt\u00f3re pozwalaj\u0105 na dopasowanie jej do r\u00f3\u017cnych styl\u00f3w wn\u0119trzarskich. Roleta dzie\u0144 noc sk\u0142ada si\u0119 z dw\u00f3ch warstw tkaniny, kt\u00f3re maj\u0105 naprzemiennie u\u0142o\u017cone pasy przezroczyste i zaciemniaj\u0105ce. Dzi\u0119ki temu mo\u017cna regulowa\u0107 ilo\u015b\u0107 \u015bwiat\u0142a wpadaj\u0105cego do pomieszczenia, tworz\u0105c odpowiedni nastr\u00f3j i atmosfer\u0119. Roleta dzie\u0144 noc jest tak\u017ce \u0142atwa w monta\u017cu i obs\u0142udze, a jej cena jest atrakcyjna w por\u00f3wnaniu z innymi rodzajami zas\u0142on.<\/h5>\t\t\t\t\t\t<\/div>\n\t\t\t\t<\/div>\n\t\t\t\t\t<\/div>\n\t\t<\/div>\n\t\t\t\t\t\t\t<\/div>\n\t\t<\/section>\n\t\t\t\t<section class=\"elementor-section elementor-top-section elementor-element elementor-element-fad3973 elementor-section-boxed elementor-section-height-default elementor-section-height-default\" data-id=\"fad3973\" data-element_type=\"section\">\n\t\t\t\t\t\t<div class=\"elementor-container elementor-column-gap-default\">\n\t\t\t\t\t<div class=\"elementor-column elementor-col-100 elementor-top-column elementor-element elementor-element-e43ab6b\" data-id=\"e43ab6b\" data-element_type=\"column\">\n\t\t\t<div class=\"elementor-widget-wrap elementor-element-populated\">\n\t\t\t\t\t\t\t\t<div class=\"elementor-element elementor-element-68cf96e elementor-widget elementor-widget-spacer\" data-id=\"68cf96e\" data-element_type=\"widget\" data-widget_type=\"spacer.default\">\n\t\t\t\t<div class=\"elementor-widget-container\">\n\t\t\t\t\t<div class=\"elementor-spacer\">\n\t\t\t<div class=\"elementor-spacer-inner\"><\/div>\n\t\t<\/div>\n\t\t\t\t<\/div>\n\t\t\t\t<\/div>\n\t\t\t\t\t<\/div>\n\t\t<\/div>\n\t\t\t\t\t\t\t<\/div>\n\t\t<\/section>\n\t\t\t\t\t\t\t<\/div>\n\t\t","protected":false},"excerpt":{"rendered":"<p>Rolety Dzie\u0144 Noc Roleta dzie\u0144 noc to rozwi\u0105zanie, kt\u00f3re cieszy si\u0119 du\u017cym zainteresowaniem. Jest to zas\u0142uga jej wszechstronno\u015bci i funkcjonalno\u015bci, kt\u00f3re pozwalaj\u0105 na dopasowanie jej do r\u00f3\u017cnych styl\u00f3w wn\u0119trzarskich. Roleta dzie\u0144 noc sk\u0142ada si\u0119 z dw\u00f3ch warstw tkaniny, kt\u00f3re maj\u0105&#8230;<\/p>\n","protected":false},"author":3,"featured_media":0,"parent":0,"menu_order":0,"comment_status":"closed","ping_status":"closed","template":"","meta":{"footnotes":""},"_links":{"self":[{"href":"https:\/\/poznanskamanufakturarolet.pl\/index.php\/wp-json\/wp\/v2\/pages\/13637"}],"collection":[{"href":"https:\/\/poznanskamanufakturarolet.pl\/index.php\/wp-json\/wp\/v2\/pages"}],"about":[{"href":"https:\/\/poznanskamanufakturarolet.pl\/index.php\/wp-json\/wp\/v2\/types\/page"}],"author":[{"embeddable":true,"href":"https:\/\/poznanskamanufakturarolet.pl\/index.php\/wp-json\/wp\/v2\/users\/3"}],"replies":[{"embeddable":true,"href":"https:\/\/poznanskamanufakturarolet.pl\/index.php\/wp-json\/wp\/v2\/comments?post=13637"}],"version-history":[{"count":46,"href":"https:\/\/poznanskamanufakturarolet.pl\/index.php\/wp-json\/wp\/v2\/pages\/13637\/revisions"}],"predecessor-version":[{"id":14699,"href":"https:\/\/poznanskamanufakturarolet.pl\/index.php\/wp-json\/wp\/v2\/pages\/13637\/revisions\/14699"}],"wp:attachment":[{"href":"https:\/\/poznanskamanufakturarolet.pl\/index.php\/wp-json\/wp\/v2\/media?parent=13637"}],"curies":[{"name":"wp","href":"https:\/\/api.w.org\/{rel}","templated":true}]}}