{"id":13443,"date":"2020-10-20T22:58:43","date_gmt":"2020-10-20T20:58:43","guid":{"rendered":"https:\/\/poznanskamanufakturarolet.pl\/?page_id=13443"},"modified":"2023-08-28T18:35:36","modified_gmt":"2023-08-28T16:35:36","slug":"kontakt","status":"publish","type":"page","link":"https:\/\/poznanskamanufakturarolet.pl\/index.php\/kontakt\/","title":{"rendered":"Kontakt"},"content":{"rendered":"\t\t<div data-elementor-type=\"wp-page\" data-elementor-id=\"13443\" class=\"elementor elementor-13443\">\n\t\t\t\t\t\t\t\t\t<section class=\"elementor-section elementor-top-section elementor-element elementor-element-76e01f5b elementor-section-stretched elementor-section-boxed elementor-section-height-default elementor-section-height-default\" data-id=\"76e01f5b\" data-element_type=\"section\" data-settings=\"{&quot;stretch_section&quot;:&quot;section-stretched&quot;,&quot;background_background&quot;:&quot;classic&quot;}\">\n\t\t\t\t\t\t<div class=\"elementor-container elementor-column-gap-default\">\n\t\t\t\t\t<div class=\"elementor-column elementor-col-100 elementor-top-column elementor-element elementor-element-5d3c2b28\" data-id=\"5d3c2b28\" data-element_type=\"column\">\n\t\t\t<div class=\"elementor-widget-wrap elementor-element-populated\">\n\t\t\t\t\t\t\t\t<div class=\"elementor-element elementor-element-db8c1f3 elementor-widget elementor-widget-spacer\" data-id=\"db8c1f3\" data-element_type=\"widget\" data-widget_type=\"spacer.default\">\n\t\t\t\t<div class=\"elementor-widget-container\">\n\t\t\t\t\t<div class=\"elementor-spacer\">\n\t\t\t<div class=\"elementor-spacer-inner\"><\/div>\n\t\t<\/div>\n\t\t\t\t<\/div>\n\t\t\t\t<\/div>\n\t\t\t\t<div class=\"elementor-element elementor-element-3a18e631 elementor-widget elementor-widget-pix-sliding-text\" data-id=\"3a18e631\" data-element_type=\"widget\" data-widget_type=\"pix-sliding-text.default\">\n\t\t\t\t<div class=\"elementor-widget-container\">\n\t\t\t<div class=\"mb-3 text-left \"><h3 class=\"mb-32 pix-sliding-headline font-weight-bold body-font\" data-class=\"text-heading-default\" data-style=\"\">Kontakt z nami<\/h3><\/div>\t\t<\/div>\n\t\t\t\t<\/div>\n\t\t\t\t\t<\/div>\n\t\t<\/div>\n\t\t\t\t\t\t\t<\/div>\n\t\t<\/section>\n\t\t\t\t<section class=\"elementor-section elementor-top-section elementor-element elementor-element-dd89392 elementor-section-boxed elementor-section-height-default elementor-section-height-default\" data-id=\"dd89392\" data-element_type=\"section\">\n\t\t\t\t\t\t<div class=\"elementor-container elementor-column-gap-default\">\n\t\t\t\t\t<div class=\"elementor-column elementor-col-100 elementor-top-column elementor-element elementor-element-66b3d41\" data-id=\"66b3d41\" data-element_type=\"column\">\n\t\t\t<div class=\"elementor-widget-wrap elementor-element-populated\">\n\t\t\t\t\t\t\t\t<div class=\"elementor-element elementor-element-c109ad8 elementor-widget elementor-widget-spacer\" data-id=\"c109ad8\" data-element_type=\"widget\" data-widget_type=\"spacer.default\">\n\t\t\t\t<div class=\"elementor-widget-container\">\n\t\t\t\t\t<div class=\"elementor-spacer\">\n\t\t\t<div class=\"elementor-spacer-inner\"><\/div>\n\t\t<\/div>\n\t\t\t\t<\/div>\n\t\t\t\t<\/div>\n\t\t\t\t\t<\/div>\n\t\t<\/div>\n\t\t\t\t\t\t\t<\/div>\n\t\t<\/section>\n\t\t\t\t<section class=\"elementor-section elementor-top-section elementor-element elementor-element-a774bba elementor-section-boxed elementor-section-height-default elementor-section-height-default\" data-id=\"a774bba\" data-element_type=\"section\">\n\t\t\t\t\t\t<div class=\"elementor-container elementor-column-gap-default\">\n\t\t\t\t\t<div class=\"elementor-column elementor-col-100 elementor-top-column elementor-element elementor-element-b4a96b1\" data-id=\"b4a96b1\" data-element_type=\"column\">\n\t\t\t<div class=\"elementor-widget-wrap elementor-element-populated\">\n\t\t\t\t\t\t\t\t<div class=\"elementor-element elementor-element-96562c6 elementor-widget elementor-widget-pix-sliding-text\" data-id=\"96562c6\" data-element_type=\"widget\" data-widget_type=\"pix-sliding-text.default\">\n\t\t\t\t<div class=\"elementor-widget-container\">\n\t\t\t<div class=\"mb-3 text-left \"><h3 class=\"mb-32 pix-sliding-headline font-weight-bold body-font\" data-class=\"text-heading-default\" data-style=\"\">Bezpo\u015bredni kontakt<\/h3><\/div>\t\t<\/div>\n\t\t\t\t<\/div>\n\t\t\t\t\t<\/div>\n\t\t<\/div>\n\t\t\t\t\t\t\t<\/div>\n\t\t<\/section>\n\t\t\t\t<section class=\"elementor-section elementor-top-section elementor-element elementor-element-a0408f7 elementor-section-boxed elementor-section-height-default elementor-section-height-default\" data-id=\"a0408f7\" data-element_type=\"section\">\n\t\t\t\t\t\t<div class=\"elementor-container elementor-column-gap-default\">\n\t\t\t\t\t<div class=\"elementor-column elementor-col-33 elementor-top-column elementor-element elementor-element-279e357\" data-id=\"279e357\" data-element_type=\"column\">\n\t\t\t<div class=\"elementor-widget-wrap elementor-element-populated\">\n\t\t\t\t\t\t\t\t<div class=\"elementor-element elementor-element-6e640b68 elementor-invisible elementor-widget elementor-widget-pix-feature\" data-id=\"6e640b68\" data-element_type=\"widget\" data-widget_type=\"pix-feature.default\">\n\t\t\t\t<div class=\"elementor-widget-container\">\n\t\t\t<div class=\"media \"><div class=\"mr-3  animate-in\" data-anim-type=\"fade-in-up\" data-anim-delay=\"400\" style=\"width:64.8px;height:64.8px;position:relative;line-height:64.8px;text-align:center;\">\n<svg width=\"100%\" height=\"100%\" viewBox=\"0 0 24 24\" version=\"1.1\" xmlns=\"http:\/\/www.w3.org\/2000\/svg\" xmlns:xlink=\"http:\/\/www.w3.org\/1999\/xlink\">\n\n\n    \n    <defs><\/defs>\n    <g stroke=\"none\" stroke-width=\"1\" fill=\"none\" fill-rule=\"evenodd\">\n        \n        <path d=\"M5,10.5 C5,6 8,3 12.5,3 C17,3 20,6.75 20,10.5 C20,12.8325623 17.8236613,16.03566 13.470984,20.1092932 C12.9154018,20.6292577 12.0585054,20.6508331 11.4774555,20.1594925 C7.15915182,16.5078313 5,13.2880005 5,10.5 Z M12.5,12 C13.8807119,12 15,10.8807119 15,9.5 C15,8.11928813 13.8807119,7 12.5,7 C11.1192881,7 10,8.11928813 10,9.5 C10,10.8807119 11.1192881,12 12.5,12 Z\" fill=\"#000000\" fill-rule=\"nonzero\"><\/path>\n    <\/g>\n<\/svg><\/div><div class=\"media-body\"><h6 class=\"font-weight-bold   text-heading-default animate-in \" style=\"\" data-anim-type=\"fade-in-up\" data-anim-delay=\"500\">S\u0142owackiego 38, 61-001 Pozna\u0144<\/h6><div class=\"text-body-default    font-weight-bold  animate-in\" style=\"padding-top:10px;\" data-anim-type=\"fade-in-up\" data-anim-delay=\"600\">Godziny otwarcia 9:00 - 17:00<\/div><\/div><\/div>\t\t<\/div>\n\t\t\t\t<\/div>\n\t\t\t\t\t<\/div>\n\t\t<\/div>\n\t\t\t\t<div class=\"elementor-column elementor-col-33 elementor-top-column elementor-element elementor-element-025330f\" data-id=\"025330f\" data-element_type=\"column\">\n\t\t\t<div class=\"elementor-widget-wrap elementor-element-populated\">\n\t\t\t\t\t\t\t\t<div class=\"elementor-element elementor-element-4aafec2 elementor-invisible elementor-widget elementor-widget-pix-feature\" data-id=\"4aafec2\" data-element_type=\"widget\" data-widget_type=\"pix-feature.default\">\n\t\t\t\t<div class=\"elementor-widget-container\">\n\t\t\t<div class=\"media \"><div class=\"mr-3  animate-in\" data-anim-type=\"fade-in-up\" data-anim-delay=\"400\" style=\"width:64.8px;height:64.8px;position:relative;line-height:64.8px;text-align:center;\">\n<svg width=\"100%\" height=\"100%\" viewBox=\"0 0 24 24\" version=\"1.1\" xmlns=\"http:\/\/www.w3.org\/2000\/svg\" xmlns:xlink=\"http:\/\/www.w3.org\/1999\/xlink\">\n\n\n    \n    <defs><\/defs>\n    <g stroke=\"none\" stroke-width=\"1\" fill=\"none\" fill-rule=\"evenodd\">\n        \n        <path d=\"M8,2.5 C7.30964406,2.5 6.75,3.05964406 6.75,3.75 L6.75,20.25 C6.75,20.9403559 7.30964406,21.5 8,21.5 L16,21.5 C16.6903559,21.5 17.25,20.9403559 17.25,20.25 L17.25,3.75 C17.25,3.05964406 16.6903559,2.5 16,2.5 L8,2.5 Z\" fill=\"#000000\" opacity=\"0.3\"><\/path>\n        <path d=\"M8,2.5 C7.30964406,2.5 6.75,3.05964406 6.75,3.75 L6.75,20.25 C6.75,20.9403559 7.30964406,21.5 8,21.5 L16,21.5 C16.6903559,21.5 17.25,20.9403559 17.25,20.25 L17.25,3.75 C17.25,3.05964406 16.6903559,2.5 16,2.5 L8,2.5 Z M8,1 L16,1 C17.5187831,1 18.75,2.23121694 18.75,3.75 L18.75,20.25 C18.75,21.7687831 17.5187831,23 16,23 L8,23 C6.48121694,23 5.25,21.7687831 5.25,20.25 L5.25,3.75 C5.25,2.23121694 6.48121694,1 8,1 Z M9.5,1.75 L14.5,1.75 C14.7761424,1.75 15,1.97385763 15,2.25 L15,3.25 C15,3.52614237 14.7761424,3.75 14.5,3.75 L9.5,3.75 C9.22385763,3.75 9,3.52614237 9,3.25 L9,2.25 C9,1.97385763 9.22385763,1.75 9.5,1.75 Z\" fill=\"#000000\" fill-rule=\"nonzero\"><\/path>\n    <\/g>\n<\/svg><\/div><div class=\"media-body\"><h6 class=\"font-weight-bold   text-heading-default animate-in \" style=\"\" data-anim-type=\"fade-in-up\" data-anim-delay=\"500\">Zadzwo\u0144<\/h6><div class=\"text-body-default    font-weight-bold  animate-in\" style=\"padding-top:10px;\" data-anim-type=\"fade-in-up\" data-anim-delay=\"600\">+48 791 500 516<\/div><\/div><\/div>\t\t<\/div>\n\t\t\t\t<\/div>\n\t\t\t\t\t<\/div>\n\t\t<\/div>\n\t\t\t\t<div class=\"elementor-column elementor-col-33 elementor-top-column elementor-element elementor-element-17be2b8\" data-id=\"17be2b8\" data-element_type=\"column\">\n\t\t\t<div class=\"elementor-widget-wrap elementor-element-populated\">\n\t\t\t\t\t\t\t\t<div class=\"elementor-element elementor-element-5df4911b elementor-invisible elementor-widget elementor-widget-pix-feature\" data-id=\"5df4911b\" data-element_type=\"widget\" data-widget_type=\"pix-feature.default\">\n\t\t\t\t<div class=\"elementor-widget-container\">\n\t\t\t<div class=\"media \"><div class=\"mr-3  animate-in\" data-anim-type=\"fade-in-up\" data-anim-delay=\"400\" style=\"width:64.8px;height:64.8px;position:relative;line-height:64.8px;text-align:center;\">\n<svg width=\"100%\" height=\"100%\" viewBox=\"0 0 24 24\" version=\"1.1\" xmlns=\"http:\/\/www.w3.org\/2000\/svg\" xmlns:xlink=\"http:\/\/www.w3.org\/1999\/xlink\">\n\n\n    \n    <defs><\/defs>\n    <g stroke=\"none\" stroke-width=\"1\" fill=\"none\" fill-rule=\"evenodd\">\n        \n        <path d=\"M5,9 L19,9 C20.1045695,9 21,9.8954305 21,11 L21,20 C21,21.1045695 20.1045695,22 19,22 L5,22 C3.8954305,22 3,21.1045695 3,20 L3,11 C3,9.8954305 3.8954305,9 5,9 Z M18.1444251,10.8396467 L12,14.1481833 L5.85557487,10.8396467 C5.4908718,10.6432681 5.03602525,10.7797221 4.83964668,11.1444251 C4.6432681,11.5091282 4.77972206,11.9639747 5.14442513,12.1603533 L11.6444251,15.6603533 C11.8664074,15.7798822 12.1335926,15.7798822 12.3555749,15.6603533 L18.8555749,12.1603533 C19.2202779,11.9639747 19.3567319,11.5091282 19.1603533,11.1444251 C18.9639747,10.7797221 18.5091282,10.6432681 18.1444251,10.8396467 Z\" fill=\"#000000\"><\/path>\n        <path d=\"M11.1288761,0.733697713 L11.1288761,2.69017121 L9.12120481,2.69017121 C8.84506244,2.69017121 8.62120481,2.91402884 8.62120481,3.19017121 L8.62120481,4.21346991 C8.62120481,4.48961229 8.84506244,4.71346991 9.12120481,4.71346991 L11.1288761,4.71346991 L11.1288761,6.66994341 C11.1288761,6.94608579 11.3527337,7.16994341 11.6288761,7.16994341 C11.7471877,7.16994341 11.8616664,7.12798964 11.951961,7.05154023 L15.4576222,4.08341738 C15.6683723,3.90498251 15.6945689,3.58948575 15.5161341,3.37873564 C15.4982803,3.35764848 15.4787093,3.33807751 15.4576222,3.32022374 L11.951961,0.352100892 C11.7412109,0.173666017 11.4257142,0.199862688 11.2472793,0.410612793 C11.1708299,0.500907473 11.1288761,0.615386087 11.1288761,0.733697713 Z\" fill=\"#000000\" fill-rule=\"nonzero\" opacity=\"0.3\" transform=\"translate(11.959697, 3.661508) rotate(-90.000000) translate(-11.959697, -3.661508) \"><\/path>\n    <\/g>\n<\/svg><\/div><div class=\"media-body\"><h6 class=\"font-weight-bold   text-heading-default animate-in \" style=\"\" data-anim-type=\"fade-in-up\" data-anim-delay=\"500\">Wy\u015blij nam email<\/h6><div class=\"text-body-default    font-weight-bold  animate-in\" style=\"padding-top:10px;\" data-anim-type=\"fade-in-up\" data-anim-delay=\"600\">biuro@poznanskamanufakturarolet.pl<\/div><\/div><\/div>\t\t<\/div>\n\t\t\t\t<\/div>\n\t\t\t\t\t<\/div>\n\t\t<\/div>\n\t\t\t\t\t\t\t<\/div>\n\t\t<\/section>\n\t\t\t\t<section class=\"elementor-section elementor-top-section elementor-element elementor-element-4ee69f3 elementor-section-boxed elementor-section-height-default elementor-section-height-default\" data-id=\"4ee69f3\" data-element_type=\"section\">\n\t\t\t\t\t\t<div class=\"elementor-container elementor-column-gap-default\">\n\t\t\t\t\t<div class=\"elementor-column elementor-col-100 elementor-top-column elementor-element elementor-element-5a2f559\" data-id=\"5a2f559\" data-element_type=\"column\">\n\t\t\t<div class=\"elementor-widget-wrap elementor-element-populated\">\n\t\t\t\t\t\t\t\t<div class=\"elementor-element elementor-element-1738862 elementor-widget elementor-widget-spacer\" data-id=\"1738862\" data-element_type=\"widget\" data-widget_type=\"spacer.default\">\n\t\t\t\t<div class=\"elementor-widget-container\">\n\t\t\t\t\t<div class=\"elementor-spacer\">\n\t\t\t<div class=\"elementor-spacer-inner\"><\/div>\n\t\t<\/div>\n\t\t\t\t<\/div>\n\t\t\t\t<\/div>\n\t\t\t\t\t<\/div>\n\t\t<\/div>\n\t\t\t\t\t\t\t<\/div>\n\t\t<\/section>\n\t\t\t\t<section class=\"elementor-section elementor-top-section elementor-element elementor-element-473097a elementor-section-boxed elementor-section-height-default elementor-section-height-default\" data-id=\"473097a\" data-element_type=\"section\">\n\t\t\t\t\t\t<div class=\"elementor-container elementor-column-gap-default\">\n\t\t\t\t\t<div class=\"elementor-column elementor-col-100 elementor-top-column elementor-element elementor-element-5e475034\" data-id=\"5e475034\" data-element_type=\"column\">\n\t\t\t<div class=\"elementor-widget-wrap elementor-element-populated\">\n\t\t\t\t\t\t\t\t<div class=\"elementor-element elementor-element-0852683 elementor-widget elementor-widget-pix-sliding-text\" data-id=\"0852683\" data-element_type=\"widget\" data-widget_type=\"pix-sliding-text.default\">\n\t\t\t\t<div class=\"elementor-widget-container\">\n\t\t\t<div class=\"mb-3 text-left \"><h3 class=\"mb-32 pix-sliding-headline font-weight-bold body-font\" data-class=\"text-heading-default\" data-style=\"\">Skorzystaj z poni\u017cszego formularza<\/h3><\/div>\t\t<\/div>\n\t\t\t\t<\/div>\n\t\t\t\t<div class=\"elementor-element elementor-element-9913196 elementor-button-align-start elementor-widget elementor-widget-form\" data-id=\"9913196\" data-element_type=\"widget\" data-settings=\"{&quot;step_next_label&quot;:&quot;Next&quot;,&quot;step_previous_label&quot;:&quot;Previous&quot;,&quot;button_width&quot;:&quot;100&quot;,&quot;step_type&quot;:&quot;number_text&quot;,&quot;step_icon_shape&quot;:&quot;circle&quot;}\" data-widget_type=\"form.default\">\n\t\t\t\t<div class=\"elementor-widget-container\">\n\t\t\t\t\t<form class=\"elementor-form\" method=\"post\" name=\"New Form\">\n\t\t\t<input type=\"hidden\" name=\"post_id\" value=\"13443\"\/>\n\t\t\t<input type=\"hidden\" name=\"form_id\" value=\"9913196\"\/>\n\t\t\t<input type=\"hidden\" name=\"referer_title\" value=\"\" \/>\n\n\t\t\t\n\t\t\t<div class=\"elementor-form-fields-wrapper elementor-labels-\">\n\t\t\t\t\t\t\t\t<div class=\"elementor-field-type-text elementor-field-group elementor-column elementor-field-group-name elementor-col-100\">\n\t\t\t\t\t\t\t\t\t\t\t\t\t<input size=\"1\" type=\"text\" name=\"form_fields[name]\" id=\"form-field-name\" class=\"elementor-field elementor-size-xs  elementor-field-textual\" placeholder=\"Imi\u0119 i nazwisko\">\n\t\t\t\t\t\t\t\t\t\t\t<\/div>\n\t\t\t\t\t\t\t\t<div class=\"elementor-field-type-email elementor-field-group elementor-column elementor-field-group-email elementor-col-100 elementor-field-required\">\n\t\t\t\t\t\t\t\t\t\t\t\t\t<input size=\"1\" type=\"email\" name=\"form_fields[email]\" id=\"form-field-email\" class=\"elementor-field elementor-size-xs  elementor-field-textual\" placeholder=\"Email\" required=\"required\" aria-required=\"true\">\n\t\t\t\t\t\t\t\t\t\t\t<\/div>\n\t\t\t\t\t\t\t\t<div class=\"elementor-field-type-tel elementor-field-group elementor-column elementor-field-group-field_b390c79 elementor-col-100\">\n\t\t\t\t\t\t\t<input size=\"1\" type=\"tel\" name=\"form_fields[field_b390c79]\" id=\"form-field-field_b390c79\" class=\"elementor-field elementor-size-xs  elementor-field-textual\" placeholder=\"Numer telefonu\" pattern=\"[0-9()#&amp;+*-=.]+\" title=\"Akceptowane s\u0105 jedynie cyfry i znaki telefoniczne (#,-,*).\">\n\n\t\t\t\t\t\t<\/div>\n\t\t\t\t\t\t\t\t<div class=\"elementor-field-type-select elementor-field-group elementor-column elementor-field-group-field_f5dd098 elementor-col-100 elementor-field-required\">\n\t\t\t\t\t\t\t<div class=\"elementor-field elementor-select-wrapper remove-before \">\n\t\t\t<div class=\"select-caret-down-wrapper\">\n\t\t\t\t<i aria-hidden=\"true\" class=\"eicon-caret-down\"><\/i>\t\t\t<\/div>\n\t\t\t<select name=\"form_fields[field_f5dd098]\" id=\"form-field-field_f5dd098\" class=\"elementor-field-textual elementor-size-xs\" required=\"required\" aria-required=\"true\">\n\t\t\t\t\t\t\t\t\t<option value=\"Pytanie o ofert\u0119\">Pytanie o ofert\u0119<\/option>\n\t\t\t\t\t\t\t\t\t<option value=\"Reklamacja\">Reklamacja<\/option>\n\t\t\t\t\t\t\t\t\t<option value=\"Inne\">Inne<\/option>\n\t\t\t\t\t\t\t<\/select>\n\t\t<\/div>\n\t\t\t\t\t\t<\/div>\n\t\t\t\t\t\t\t\t<div class=\"elementor-field-type-textarea elementor-field-group elementor-column elementor-field-group-message elementor-col-100 elementor-field-required\">\n\t\t\t\t\t<textarea class=\"elementor-field-textual elementor-field  elementor-size-xs\" name=\"form_fields[message]\" id=\"form-field-message\" rows=\"4\" placeholder=\"Tre\u015b\u0107 wiadomo\u015bci\" required=\"required\" aria-required=\"true\"><\/textarea>\t\t\t\t<\/div>\n\t\t\t\t\t\t\t\t<div class=\"elementor-field-type-acceptance elementor-field-group elementor-column elementor-field-group-field_e031c62 elementor-col-100 elementor-field-required\">\n\t\t\t\t\t\t\t<div class=\"elementor-field-subgroup\">\n\t\t\t<span class=\"elementor-field-option\">\n\t\t\t\t<input type=\"checkbox\" name=\"form_fields[field_e031c62]\" id=\"form-field-field_e031c62\" class=\"elementor-field elementor-size-xs  elementor-acceptance-field\" required=\"required\" aria-required=\"true\" checked=\"checked\">\n\t\t\t\t<label for=\"form-field-field_e031c62\"><p style=\"line-height: 90%; \"><small>Wyra\u017cam zgod\u0119 na przetwarzanie moich danych osobowych przez firm\u0119 Pozna\u0144ska Manufaktura Rolet z siedzib\u0105 ul. S\u0142owackiego 38, 61-001 Pozna\u0144, \n<br>w celu udzielenia odpowiedzi na zadane pytanie i kontaktowania si\u0119 mailowo lub telefonicznie. Przys\u0142uguje mi prawo dost\u0119pu do moich danych, ich edytowania i wycofania zgody w ka\u017cdej chwili.<\/small><\/p><\/label>\t\t\t<\/span>\n\t\t<\/div>\n\t\t\t\t\t\t<\/div>\n\t\t\t\t\t\t\t\t<div class=\"elementor-field-group elementor-column elementor-field-type-submit elementor-col-100 e-form__buttons\">\n\t\t\t\t\t<button type=\"submit\" class=\"elementor-button elementor-size-sm\">\n\t\t\t\t\t\t<span >\n\t\t\t\t\t\t\t\t\t\t\t\t\t\t\t<span class=\" elementor-button-icon\">\n\t\t\t\t\t\t\t\t\t\t\t\t\t\t\t\t\t\t\t\t\t\t\t\t\t\t<\/span>\n\t\t\t\t\t\t\t\t\t\t\t\t\t\t\t\t\t\t\t\t\t\t<span class=\"elementor-button-text\">Wy\u015blij formularz<\/span>\n\t\t\t\t\t\t\t\t\t\t\t\t\t<\/span>\n\t\t\t\t\t<\/button>\n\t\t\t\t<\/div>\n\t\t\t<\/div>\n\t\t<\/form>\n\t\t\t\t<\/div>\n\t\t\t\t<\/div>\n\t\t\t\t\t<\/div>\n\t\t<\/div>\n\t\t\t\t\t\t\t<\/div>\n\t\t<\/section>\n\t\t\t\t<section class=\"elementor-section elementor-top-section elementor-element elementor-element-34d14f9 elementor-section-boxed elementor-section-height-default elementor-section-height-default\" data-id=\"34d14f9\" data-element_type=\"section\">\n\t\t\t\t\t\t<div class=\"elementor-container elementor-column-gap-default\">\n\t\t\t\t\t<div class=\"elementor-column elementor-col-100 elementor-top-column elementor-element elementor-element-dae8982\" data-id=\"dae8982\" data-element_type=\"column\">\n\t\t\t<div class=\"elementor-widget-wrap elementor-element-populated\">\n\t\t\t\t\t\t\t\t<div class=\"elementor-element elementor-element-270d179 elementor-widget elementor-widget-spacer\" data-id=\"270d179\" data-element_type=\"widget\" data-widget_type=\"spacer.default\">\n\t\t\t\t<div class=\"elementor-widget-container\">\n\t\t\t\t\t<div class=\"elementor-spacer\">\n\t\t\t<div class=\"elementor-spacer-inner\"><\/div>\n\t\t<\/div>\n\t\t\t\t<\/div>\n\t\t\t\t<\/div>\n\t\t\t\t\t<\/div>\n\t\t<\/div>\n\t\t\t\t\t\t\t<\/div>\n\t\t<\/section>\n\t\t\t\t\t\t\t<\/div>\n\t\t","protected":false},"excerpt":{"rendered":"<p>Kontakt z nami Bezpo\u015bredni kontakt S\u0142owackiego 38, 61-001 Pozna\u0144 Godziny otwarcia 9:00 &#8211; 17:00 Zadzwo\u0144 +48 791 500 516 Wy\u015blij nam email biuro@poznanskamanufakturarolet.pl Skorzystaj z poni\u017cszego formularza<\/p>\n","protected":false},"author":3,"featured_media":0,"parent":0,"menu_order":0,"comment_status":"closed","ping_status":"closed","template":"","meta":{"footnotes":""},"_links":{"self":[{"href":"https:\/\/poznanskamanufakturarolet.pl\/index.php\/wp-json\/wp\/v2\/pages\/13443"}],"collection":[{"href":"https:\/\/poznanskamanufakturarolet.pl\/index.php\/wp-json\/wp\/v2\/pages"}],"about":[{"href":"https:\/\/poznanskamanufakturarolet.pl\/index.php\/wp-json\/wp\/v2\/types\/page"}],"author":[{"embeddable":true,"href":"https:\/\/poznanskamanufakturarolet.pl\/index.php\/wp-json\/wp\/v2\/users\/3"}],"replies":[{"embeddable":true,"href":"https:\/\/poznanskamanufakturarolet.pl\/index.php\/wp-json\/wp\/v2\/comments?post=13443"}],"version-history":[{"count":98,"href":"https:\/\/poznanskamanufakturarolet.pl\/index.php\/wp-json\/wp\/v2\/pages\/13443\/revisions"}],"predecessor-version":[{"id":14569,"href":"https:\/\/poznanskamanufakturarolet.pl\/index.php\/wp-json\/wp\/v2\/pages\/13443\/revisions\/14569"}],"wp:attachment":[{"href":"https:\/\/poznanskamanufakturarolet.pl\/index.php\/wp-json\/wp\/v2\/media?parent=13443"}],"curies":[{"name":"wp","href":"https:\/\/api.w.org\/{rel}","templated":true}]}}